{"id":7135,"date":"2024-02-13T10:17:26","date_gmt":"2024-02-13T08:17:26","guid":{"rendered":"https:\/\/projector.ee\/pakalpojumi\/fit-out-taisteenus\/"},"modified":"2024-02-13T12:08:10","modified_gmt":"2024-02-13T10:08:10","slug":"visisko-aprupinimo-iranga-paslauga","status":"publish","type":"page","link":"https:\/\/projector.ee\/lv\/pakalpojumi\/visisko-aprupinimo-iranga-paslauga\/","title":{"rendered":"Pilns apr\u012bko\u0161anas pakalpojumu kopums"},"content":{"rendered":"<p><span>Viens no vissare\u017e\u0123\u012bt\u0101kajiem izaicin\u0101jumiem, ar ko uz\u0146\u0113mums var saskarties ikdienas darb\u0101, ir t\u0101das vietas atra\u0161ana, kas atbilstu jebk\u0101das organiz\u0101cijas vajadz\u012bb\u0101m, nodro\u0161inot pozit\u012bvu vidi,\u00a0<\/span><strong>augstas kvalit\u0101tes darba apst\u0101k\u013cus<\/strong><span>\u00a0un \u0113kas sp\u0113ju funkcion\u0113t augst\u0101 l\u012bmen\u012b. Tas un neskait\u0101mi \u012bstermi\u0146a darbuzdevumi ilgtermi\u0146\u0101 ietekm\u0113 telpu lietot\u0101jus, vi\u0146u klientus un visp\u0101r\u0113jo darb\u012bbu<\/span><\/p>\n","protected":false},"excerpt":{"rendered":"<p>Viens no vissare\u017e\u0123\u012bt\u0101kajiem izaicin\u0101jumiem, ar ko uz\u0146\u0113mums var saskarties ikdienas darb\u0101, ir t\u0101das vietas atra\u0161ana, kas atbilstu jebk\u0101das organiz\u0101cijas vajadz\u012bb\u0101m, nodro\u0161inot pozit\u012bvu vidi,\u00a0augstas kvalit\u0101tes darba apst\u0101k\u013cus\u00a0un \u0113kas sp\u0113ju funkcion\u0113t augst\u0101 l\u012bmen\u012b. Tas un neskait\u0101mi \u012bstermi\u0146a darbuzdevumi ilgtermi\u0146\u0101 ietekm\u0113 telpu lietot\u0101jus, vi\u0146u klientus un visp\u0101r\u0113jo darb\u012bbu [&#8230;]<\/p>\n<p><a class=\"btn btn-secondary read-more-link\" href=\"https:\/\/projector.ee\/lv\/pakalpojumi\/visisko-aprupinimo-iranga-paslauga\/\">Las\u012bt vair\u0101k \u2192<\/a><\/p>\n","protected":false},"author":3,"featured_media":0,"parent":3501,"menu_order":2,"comment_status":"closed","ping_status":"closed","template":"page-withtitle.php","meta":{"_acf_changed":false,"_custom_body_class":"services","_custom_post_class":"","inline_featured_image":false,"footnotes":""},"class_list":["post-7135","page","type-page","status-publish","hentry"],"acf":[],"yoast_head":"<!-- This site is optimized with the Yoast SEO plugin v27.3 - https:\/\/yoast.com\/product\/yoast-seo-wordpress\/ -->\n<title>Pilns apr\u012bko\u0161anas pakalpojumu kopums - Projector<\/title>\n<meta name=\"robots\" content=\"index, follow, max-snippet:-1, max-image-preview:large, max-video-preview:-1\" \/>\n<link rel=\"canonical\" href=\"https:\/\/projector.ee\/lv\/pakalpojumi\/visisko-aprupinimo-iranga-paslauga\/\" \/>\n<meta property=\"og:locale\" content=\"lv_LV\" \/>\n<meta property=\"og:type\" content=\"article\" \/>\n<meta property=\"og:title\" content=\"Pilns apr\u012bko\u0161anas pakalpojumu kopums - Projector\" \/>\n<meta property=\"og:description\" content=\"Viens no vissare\u017e\u0123\u012bt\u0101kajiem izaicin\u0101jumiem, ar ko uz\u0146\u0113mums var saskarties ikdienas darb\u0101, ir t\u0101das vietas atra\u0161ana, kas atbilstu jebk\u0101das organiz\u0101cijas vajadz\u012bb\u0101m, nodro\u0161inot pozit\u012bvu vidi,\u00a0augstas kvalit\u0101tes darba apst\u0101k\u013cus\u00a0un \u0113kas sp\u0113ju funkcion\u0113t augst\u0101 l\u012bmen\u012b. Tas un neskait\u0101mi \u012bstermi\u0146a darbuzdevumi ilgtermi\u0146\u0101 ietekm\u0113 telpu lietot\u0101jus, vi\u0146u klientus un visp\u0101r\u0113jo darb\u012bbu [...]Las\u012bt vair\u0101k \u2192\" \/>\n<meta property=\"og:url\" content=\"https:\/\/projector.ee\/lv\/pakalpojumi\/visisko-aprupinimo-iranga-paslauga\/\" \/>\n<meta property=\"og:site_name\" content=\"Projector\" \/>\n<meta property=\"article:publisher\" content=\"https:\/\/www.facebook.com\/projector.bpt\/\" \/>\n<meta property=\"article:modified_time\" content=\"2024-02-13T10:08:10+00:00\" \/>\n<meta name=\"twitter:card\" content=\"summary_large_image\" \/>\n<meta name=\"twitter:label1\" content=\"Est. reading time\" \/>\n\t<meta name=\"twitter:data1\" content=\"1 min\u016b\u0161u\" \/>\n<script type=\"application\/ld+json\" class=\"yoast-schema-graph\">{\"@context\":\"https:\\\/\\\/schema.org\",\"@graph\":[{\"@type\":\"WebPage\",\"@id\":\"https:\\\/\\\/projector.ee\\\/lv\\\/pakalpojumi\\\/visisko-aprupinimo-iranga-paslauga\\\/\",\"url\":\"https:\\\/\\\/projector.ee\\\/lv\\\/pakalpojumi\\\/visisko-aprupinimo-iranga-paslauga\\\/\",\"name\":\"Pilns apr\u012bko\u0161anas pakalpojumu kopums - Projector\",\"isPartOf\":{\"@id\":\"https:\\\/\\\/projector.ee\\\/#website\"},\"datePublished\":\"2024-02-13T08:17:26+00:00\",\"dateModified\":\"2024-02-13T10:08:10+00:00\",\"breadcrumb\":{\"@id\":\"https:\\\/\\\/projector.ee\\\/lv\\\/pakalpojumi\\\/visisko-aprupinimo-iranga-paslauga\\\/#breadcrumb\"},\"inLanguage\":\"lv-LV\",\"potentialAction\":[{\"@type\":\"ReadAction\",\"target\":[\"https:\\\/\\\/projector.ee\\\/lv\\\/pakalpojumi\\\/visisko-aprupinimo-iranga-paslauga\\\/\"]}]},{\"@type\":\"BreadcrumbList\",\"@id\":\"https:\\\/\\\/projector.ee\\\/lv\\\/pakalpojumi\\\/visisko-aprupinimo-iranga-paslauga\\\/#breadcrumb\",\"itemListElement\":[{\"@type\":\"ListItem\",\"position\":1,\"name\":\"Home\",\"item\":\"https:\\\/\\\/projector.ee\\\/lv\\\/\"},{\"@type\":\"ListItem\",\"position\":2,\"name\":\"Pakalpojumi\",\"item\":\"https:\\\/\\\/projector.ee\\\/lv\\\/pakalpojumi\\\/\"},{\"@type\":\"ListItem\",\"position\":3,\"name\":\"Pilns apr\u012bko\u0161anas pakalpojumu kopums\"}]},{\"@type\":\"WebSite\",\"@id\":\"https:\\\/\\\/projector.ee\\\/#website\",\"url\":\"https:\\\/\\\/projector.ee\\\/\",\"name\":\"Projector\",\"description\":\"\",\"publisher\":{\"@id\":\"https:\\\/\\\/projector.ee\\\/#organization\"},\"potentialAction\":[{\"@type\":\"SearchAction\",\"target\":{\"@type\":\"EntryPoint\",\"urlTemplate\":\"https:\\\/\\\/projector.ee\\\/?s={search_term_string}\"},\"query-input\":{\"@type\":\"PropertyValueSpecification\",\"valueRequired\":true,\"valueName\":\"search_term_string\"}}],\"inLanguage\":\"lv-LV\"},{\"@type\":\"Organization\",\"@id\":\"https:\\\/\\\/projector.ee\\\/#organization\",\"name\":\"Projector\",\"url\":\"https:\\\/\\\/projector.ee\\\/\",\"logo\":{\"@type\":\"ImageObject\",\"inLanguage\":\"lv-LV\",\"@id\":\"https:\\\/\\\/projector.ee\\\/#\\\/schema\\\/logo\\\/image\\\/\",\"url\":\"https:\\\/\\\/projector.ee\\\/wp-content\\\/uploads\\\/logo-projector.svg\",\"contentUrl\":\"https:\\\/\\\/projector.ee\\\/wp-content\\\/uploads\\\/logo-projector.svg\",\"width\":1,\"height\":1,\"caption\":\"Projector\"},\"image\":{\"@id\":\"https:\\\/\\\/projector.ee\\\/#\\\/schema\\\/logo\\\/image\\\/\"},\"sameAs\":[\"https:\\\/\\\/www.facebook.com\\\/projector.bpt\\\/\"]}]}<\/script>\n<!-- \/ Yoast SEO plugin. -->","yoast_head_json":{"title":"Pilns apr\u012bko\u0161anas pakalpojumu kopums - Projector","robots":{"index":"index","follow":"follow","max-snippet":"max-snippet:-1","max-image-preview":"max-image-preview:large","max-video-preview":"max-video-preview:-1"},"canonical":"https:\/\/projector.ee\/lv\/pakalpojumi\/visisko-aprupinimo-iranga-paslauga\/","og_locale":"lv_LV","og_type":"article","og_title":"Pilns apr\u012bko\u0161anas pakalpojumu kopums - Projector","og_description":"Viens no vissare\u017e\u0123\u012bt\u0101kajiem izaicin\u0101jumiem, ar ko uz\u0146\u0113mums var saskarties ikdienas darb\u0101, ir t\u0101das vietas atra\u0161ana, kas atbilstu jebk\u0101das organiz\u0101cijas vajadz\u012bb\u0101m, nodro\u0161inot pozit\u012bvu vidi,\u00a0augstas kvalit\u0101tes darba apst\u0101k\u013cus\u00a0un \u0113kas sp\u0113ju funkcion\u0113t augst\u0101 l\u012bmen\u012b. Tas un neskait\u0101mi \u012bstermi\u0146a darbuzdevumi ilgtermi\u0146\u0101 ietekm\u0113 telpu lietot\u0101jus, vi\u0146u klientus un visp\u0101r\u0113jo darb\u012bbu [...]Las\u012bt vair\u0101k \u2192","og_url":"https:\/\/projector.ee\/lv\/pakalpojumi\/visisko-aprupinimo-iranga-paslauga\/","og_site_name":"Projector","article_publisher":"https:\/\/www.facebook.com\/projector.bpt\/","article_modified_time":"2024-02-13T10:08:10+00:00","twitter_card":"summary_large_image","twitter_misc":{"Est. reading time":"1 min\u016b\u0161u"},"schema":{"@context":"https:\/\/schema.org","@graph":[{"@type":"WebPage","@id":"https:\/\/projector.ee\/lv\/pakalpojumi\/visisko-aprupinimo-iranga-paslauga\/","url":"https:\/\/projector.ee\/lv\/pakalpojumi\/visisko-aprupinimo-iranga-paslauga\/","name":"Pilns apr\u012bko\u0161anas pakalpojumu kopums - Projector","isPartOf":{"@id":"https:\/\/projector.ee\/#website"},"datePublished":"2024-02-13T08:17:26+00:00","dateModified":"2024-02-13T10:08:10+00:00","breadcrumb":{"@id":"https:\/\/projector.ee\/lv\/pakalpojumi\/visisko-aprupinimo-iranga-paslauga\/#breadcrumb"},"inLanguage":"lv-LV","potentialAction":[{"@type":"ReadAction","target":["https:\/\/projector.ee\/lv\/pakalpojumi\/visisko-aprupinimo-iranga-paslauga\/"]}]},{"@type":"BreadcrumbList","@id":"https:\/\/projector.ee\/lv\/pakalpojumi\/visisko-aprupinimo-iranga-paslauga\/#breadcrumb","itemListElement":[{"@type":"ListItem","position":1,"name":"Home","item":"https:\/\/projector.ee\/lv\/"},{"@type":"ListItem","position":2,"name":"Pakalpojumi","item":"https:\/\/projector.ee\/lv\/pakalpojumi\/"},{"@type":"ListItem","position":3,"name":"Pilns apr\u012bko\u0161anas pakalpojumu kopums"}]},{"@type":"WebSite","@id":"https:\/\/projector.ee\/#website","url":"https:\/\/projector.ee\/","name":"Projector","description":"","publisher":{"@id":"https:\/\/projector.ee\/#organization"},"potentialAction":[{"@type":"SearchAction","target":{"@type":"EntryPoint","urlTemplate":"https:\/\/projector.ee\/?s={search_term_string}"},"query-input":{"@type":"PropertyValueSpecification","valueRequired":true,"valueName":"search_term_string"}}],"inLanguage":"lv-LV"},{"@type":"Organization","@id":"https:\/\/projector.ee\/#organization","name":"Projector","url":"https:\/\/projector.ee\/","logo":{"@type":"ImageObject","inLanguage":"lv-LV","@id":"https:\/\/projector.ee\/#\/schema\/logo\/image\/","url":"https:\/\/projector.ee\/wp-content\/uploads\/logo-projector.svg","contentUrl":"https:\/\/projector.ee\/wp-content\/uploads\/logo-projector.svg","width":1,"height":1,"caption":"Projector"},"image":{"@id":"https:\/\/projector.ee\/#\/schema\/logo\/image\/"},"sameAs":["https:\/\/www.facebook.com\/projector.bpt\/"]}]}},"_links":{"self":[{"href":"https:\/\/projector.ee\/lv\/wp-json\/wp\/v2\/pages\/7135","targetHints":{"allow":["GET"]}}],"collection":[{"href":"https:\/\/projector.ee\/lv\/wp-json\/wp\/v2\/pages"}],"about":[{"href":"https:\/\/projector.ee\/lv\/wp-json\/wp\/v2\/types\/page"}],"author":[{"embeddable":true,"href":"https:\/\/projector.ee\/lv\/wp-json\/wp\/v2\/users\/3"}],"replies":[{"embeddable":true,"href":"https:\/\/projector.ee\/lv\/wp-json\/wp\/v2\/comments?post=7135"}],"version-history":[{"count":0,"href":"https:\/\/projector.ee\/lv\/wp-json\/wp\/v2\/pages\/7135\/revisions"}],"up":[{"embeddable":true,"href":"https:\/\/projector.ee\/lv\/wp-json\/wp\/v2\/pages\/3501"}],"wp:attachment":[{"href":"https:\/\/projector.ee\/lv\/wp-json\/wp\/v2\/media?parent=7135"}],"curies":[{"name":"wp","href":"https:\/\/api.w.org\/{rel}","templated":true}]}}