{"id":7117,"date":"2024-02-12T22:13:02","date_gmt":"2024-02-12T20:13:02","guid":{"rendered":"https:\/\/projector.ee\/pakalpojumi\/ligumsledzeja-konsultesana\/"},"modified":"2024-02-13T11:39:21","modified_gmt":"2024-02-13T09:39:21","slug":"ligumsledzeja-konsultesana","status":"publish","type":"page","link":"https:\/\/projector.ee\/lv\/pakalpojumi\/ligumsledzeja-konsultesana\/","title":{"rendered":"L\u012bgumsl\u0113dz\u0113ja konsult\u0113\u0161ana"},"content":{"rendered":"<p><span>M\u016bsu galven\u0101 uzman\u012bba ir piev\u0113rsta\u00a0<\/span><strong>klientam<\/strong><span>\u00a0un\u00a0<\/span><strong>kvalit\u0101tei<\/strong><span>. M\u0113s nodro\u0161in\u0101m pal\u012bdz\u012bbu ar pakalpojumiem, kuros uzsvars tiek likts uz saturu, nevis daudzumu. B\u016btiska noz\u012bme taj\u0101, lai projekti no s\u0101kuma l\u012bdz pat beig\u0101m norit\u0113tu vienm\u0113r\u012bgi, ir komunik\u0101cijai un vad\u012bbai. M\u0113s sniedzam\u00a0<\/span><strong>augstas kvalit\u0101tes projekt\u0113\u0161anas pakalpojumus,\u00a0<\/strong><span>kuros galvenais ir komandas darbs un rezult\u0101ti. M\u016bsu kvalific\u0113tajai un inovat\u012bvajai komandai ar milz\u012bgo darba pieredzi ir iz\u0161\u0137iro\u0161a noz\u012bme v\u0113lamo rezult\u0101tu sasnieg\u0161an\u0101. Klienti var pa\u013cauties uz m\u016bsu pakalpojumiem, kuru diapazons sniedzas no\u00a0<\/span><strong>piln\u012bgiem pakalpojumu kopumiem l\u012bdz pat konkr\u0113t\u0101kiem uzdevumiem<\/strong><span>, s\u0101kot no apseko\u0161anas un beidzot ar\u00a0<\/span><strong>pakalpojumiem garantijas perioda laik\u0101.<\/strong><span>\u00a0T\u0101pat m\u0113s sniedzam klientiem inform\u0101ciju par tirgu un pal\u012bdzam vi\u0146iem sagatavot aicin\u0101jumus piedal\u012bties\u00a0<\/span><strong>konkursos, k\u0101 ar\u012b pakalpojumu specifik\u0101cijas un l\u012bgumu dokumentus<\/strong><span>. Turkl\u0101t m\u0113s pied\u0101v\u0101jam piln\u012bgu\u00a0<\/span><strong>konkursa anal\u012bzi<\/strong><span>.<\/span><\/p>\n","protected":false},"excerpt":{"rendered":"<p>M\u016bsu galven\u0101 uzman\u012bba ir piev\u0113rsta\u00a0klientam\u00a0un\u00a0kvalit\u0101tei. M\u0113s nodro\u0161in\u0101m pal\u012bdz\u012bbu ar pakalpojumiem, kuros uzsvars tiek likts uz saturu, nevis daudzumu. B\u016btiska noz\u012bme taj\u0101, lai projekti no s\u0101kuma l\u012bdz pat beig\u0101m norit\u0113tu vienm\u0113r\u012bgi, ir komunik\u0101cijai un vad\u012bbai. M\u0113s sniedzam\u00a0augstas kvalit\u0101tes projekt\u0113\u0161anas pakalpojumus,\u00a0kuros galvenais ir komandas darbs un rezult\u0101ti. M\u016bsu kvalific\u0113tajai un inovat\u012bvajai komandai ar milz\u012bgo darba pieredzi ir [&#8230;]<\/p>\n<p><a class=\"btn btn-secondary read-more-link\" href=\"https:\/\/projector.ee\/lv\/pakalpojumi\/ligumsledzeja-konsultesana\/\">Las\u012bt vair\u0101k \u2192<\/a><\/p>\n","protected":false},"author":3,"featured_media":0,"parent":3501,"menu_order":15,"comment_status":"closed","ping_status":"closed","template":"page-withtitle.php","meta":{"_acf_changed":false,"_custom_body_class":"services","_custom_post_class":"","inline_featured_image":false,"footnotes":""},"class_list":["post-7117","page","type-page","status-publish","hentry"],"acf":[],"yoast_head":"<!-- This site is optimized with the Yoast SEO plugin v27.3 - https:\/\/yoast.com\/product\/yoast-seo-wordpress\/ -->\n<title>L\u012bgumsl\u0113dz\u0113ja konsult\u0113\u0161ana - Projector<\/title>\n<meta name=\"robots\" content=\"index, follow, max-snippet:-1, max-image-preview:large, max-video-preview:-1\" \/>\n<link rel=\"canonical\" href=\"https:\/\/projector.ee\/lv\/pakalpojumi\/ligumsledzeja-konsultesana\/\" \/>\n<meta property=\"og:locale\" content=\"lv_LV\" \/>\n<meta property=\"og:type\" content=\"article\" \/>\n<meta property=\"og:title\" content=\"L\u012bgumsl\u0113dz\u0113ja konsult\u0113\u0161ana - Projector\" \/>\n<meta property=\"og:description\" content=\"M\u016bsu galven\u0101 uzman\u012bba ir piev\u0113rsta\u00a0klientam\u00a0un\u00a0kvalit\u0101tei. M\u0113s nodro\u0161in\u0101m pal\u012bdz\u012bbu ar pakalpojumiem, kuros uzsvars tiek likts uz saturu, nevis daudzumu. B\u016btiska noz\u012bme taj\u0101, lai projekti no s\u0101kuma l\u012bdz pat beig\u0101m norit\u0113tu vienm\u0113r\u012bgi, ir komunik\u0101cijai un vad\u012bbai. M\u0113s sniedzam\u00a0augstas kvalit\u0101tes projekt\u0113\u0161anas pakalpojumus,\u00a0kuros galvenais ir komandas darbs un rezult\u0101ti. M\u016bsu kvalific\u0113tajai un inovat\u012bvajai komandai ar milz\u012bgo darba pieredzi ir [...]Las\u012bt vair\u0101k \u2192\" \/>\n<meta property=\"og:url\" content=\"https:\/\/projector.ee\/lv\/pakalpojumi\/ligumsledzeja-konsultesana\/\" \/>\n<meta property=\"og:site_name\" content=\"Projector\" \/>\n<meta property=\"article:publisher\" content=\"https:\/\/www.facebook.com\/projector.bpt\/\" \/>\n<meta property=\"article:modified_time\" content=\"2024-02-13T09:39:21+00:00\" \/>\n<meta name=\"twitter:card\" content=\"summary_large_image\" \/>\n<meta name=\"twitter:label1\" content=\"Est. reading time\" \/>\n\t<meta name=\"twitter:data1\" content=\"1 min\u016b\u0161u\" \/>\n<script type=\"application\/ld+json\" class=\"yoast-schema-graph\">{\"@context\":\"https:\\\/\\\/schema.org\",\"@graph\":[{\"@type\":\"WebPage\",\"@id\":\"https:\\\/\\\/projector.ee\\\/lv\\\/pakalpojumi\\\/ligumsledzeja-konsultesana\\\/\",\"url\":\"https:\\\/\\\/projector.ee\\\/lv\\\/pakalpojumi\\\/ligumsledzeja-konsultesana\\\/\",\"name\":\"L\u012bgumsl\u0113dz\u0113ja konsult\u0113\u0161ana - Projector\",\"isPartOf\":{\"@id\":\"https:\\\/\\\/projector.ee\\\/#website\"},\"datePublished\":\"2024-02-12T20:13:02+00:00\",\"dateModified\":\"2024-02-13T09:39:21+00:00\",\"breadcrumb\":{\"@id\":\"https:\\\/\\\/projector.ee\\\/lv\\\/pakalpojumi\\\/ligumsledzeja-konsultesana\\\/#breadcrumb\"},\"inLanguage\":\"lv-LV\",\"potentialAction\":[{\"@type\":\"ReadAction\",\"target\":[\"https:\\\/\\\/projector.ee\\\/lv\\\/pakalpojumi\\\/ligumsledzeja-konsultesana\\\/\"]}]},{\"@type\":\"BreadcrumbList\",\"@id\":\"https:\\\/\\\/projector.ee\\\/lv\\\/pakalpojumi\\\/ligumsledzeja-konsultesana\\\/#breadcrumb\",\"itemListElement\":[{\"@type\":\"ListItem\",\"position\":1,\"name\":\"Home\",\"item\":\"https:\\\/\\\/projector.ee\\\/lv\\\/\"},{\"@type\":\"ListItem\",\"position\":2,\"name\":\"Pakalpojumi\",\"item\":\"https:\\\/\\\/projector.ee\\\/lv\\\/pakalpojumi\\\/\"},{\"@type\":\"ListItem\",\"position\":3,\"name\":\"L\u012bgumsl\u0113dz\u0113ja konsult\u0113\u0161ana\"}]},{\"@type\":\"WebSite\",\"@id\":\"https:\\\/\\\/projector.ee\\\/#website\",\"url\":\"https:\\\/\\\/projector.ee\\\/\",\"name\":\"Projector\",\"description\":\"\",\"publisher\":{\"@id\":\"https:\\\/\\\/projector.ee\\\/#organization\"},\"potentialAction\":[{\"@type\":\"SearchAction\",\"target\":{\"@type\":\"EntryPoint\",\"urlTemplate\":\"https:\\\/\\\/projector.ee\\\/?s={search_term_string}\"},\"query-input\":{\"@type\":\"PropertyValueSpecification\",\"valueRequired\":true,\"valueName\":\"search_term_string\"}}],\"inLanguage\":\"lv-LV\"},{\"@type\":\"Organization\",\"@id\":\"https:\\\/\\\/projector.ee\\\/#organization\",\"name\":\"Projector\",\"url\":\"https:\\\/\\\/projector.ee\\\/\",\"logo\":{\"@type\":\"ImageObject\",\"inLanguage\":\"lv-LV\",\"@id\":\"https:\\\/\\\/projector.ee\\\/#\\\/schema\\\/logo\\\/image\\\/\",\"url\":\"https:\\\/\\\/projector.ee\\\/wp-content\\\/uploads\\\/logo-projector.svg\",\"contentUrl\":\"https:\\\/\\\/projector.ee\\\/wp-content\\\/uploads\\\/logo-projector.svg\",\"width\":1,\"height\":1,\"caption\":\"Projector\"},\"image\":{\"@id\":\"https:\\\/\\\/projector.ee\\\/#\\\/schema\\\/logo\\\/image\\\/\"},\"sameAs\":[\"https:\\\/\\\/www.facebook.com\\\/projector.bpt\\\/\"]}]}<\/script>\n<!-- \/ Yoast SEO plugin. -->","yoast_head_json":{"title":"L\u012bgumsl\u0113dz\u0113ja konsult\u0113\u0161ana - Projector","robots":{"index":"index","follow":"follow","max-snippet":"max-snippet:-1","max-image-preview":"max-image-preview:large","max-video-preview":"max-video-preview:-1"},"canonical":"https:\/\/projector.ee\/lv\/pakalpojumi\/ligumsledzeja-konsultesana\/","og_locale":"lv_LV","og_type":"article","og_title":"L\u012bgumsl\u0113dz\u0113ja konsult\u0113\u0161ana - Projector","og_description":"M\u016bsu galven\u0101 uzman\u012bba ir piev\u0113rsta\u00a0klientam\u00a0un\u00a0kvalit\u0101tei. M\u0113s nodro\u0161in\u0101m pal\u012bdz\u012bbu ar pakalpojumiem, kuros uzsvars tiek likts uz saturu, nevis daudzumu. B\u016btiska noz\u012bme taj\u0101, lai projekti no s\u0101kuma l\u012bdz pat beig\u0101m norit\u0113tu vienm\u0113r\u012bgi, ir komunik\u0101cijai un vad\u012bbai. M\u0113s sniedzam\u00a0augstas kvalit\u0101tes projekt\u0113\u0161anas pakalpojumus,\u00a0kuros galvenais ir komandas darbs un rezult\u0101ti. M\u016bsu kvalific\u0113tajai un inovat\u012bvajai komandai ar milz\u012bgo darba pieredzi ir [...]Las\u012bt vair\u0101k \u2192","og_url":"https:\/\/projector.ee\/lv\/pakalpojumi\/ligumsledzeja-konsultesana\/","og_site_name":"Projector","article_publisher":"https:\/\/www.facebook.com\/projector.bpt\/","article_modified_time":"2024-02-13T09:39:21+00:00","twitter_card":"summary_large_image","twitter_misc":{"Est. reading time":"1 min\u016b\u0161u"},"schema":{"@context":"https:\/\/schema.org","@graph":[{"@type":"WebPage","@id":"https:\/\/projector.ee\/lv\/pakalpojumi\/ligumsledzeja-konsultesana\/","url":"https:\/\/projector.ee\/lv\/pakalpojumi\/ligumsledzeja-konsultesana\/","name":"L\u012bgumsl\u0113dz\u0113ja konsult\u0113\u0161ana - Projector","isPartOf":{"@id":"https:\/\/projector.ee\/#website"},"datePublished":"2024-02-12T20:13:02+00:00","dateModified":"2024-02-13T09:39:21+00:00","breadcrumb":{"@id":"https:\/\/projector.ee\/lv\/pakalpojumi\/ligumsledzeja-konsultesana\/#breadcrumb"},"inLanguage":"lv-LV","potentialAction":[{"@type":"ReadAction","target":["https:\/\/projector.ee\/lv\/pakalpojumi\/ligumsledzeja-konsultesana\/"]}]},{"@type":"BreadcrumbList","@id":"https:\/\/projector.ee\/lv\/pakalpojumi\/ligumsledzeja-konsultesana\/#breadcrumb","itemListElement":[{"@type":"ListItem","position":1,"name":"Home","item":"https:\/\/projector.ee\/lv\/"},{"@type":"ListItem","position":2,"name":"Pakalpojumi","item":"https:\/\/projector.ee\/lv\/pakalpojumi\/"},{"@type":"ListItem","position":3,"name":"L\u012bgumsl\u0113dz\u0113ja konsult\u0113\u0161ana"}]},{"@type":"WebSite","@id":"https:\/\/projector.ee\/#website","url":"https:\/\/projector.ee\/","name":"Projector","description":"","publisher":{"@id":"https:\/\/projector.ee\/#organization"},"potentialAction":[{"@type":"SearchAction","target":{"@type":"EntryPoint","urlTemplate":"https:\/\/projector.ee\/?s={search_term_string}"},"query-input":{"@type":"PropertyValueSpecification","valueRequired":true,"valueName":"search_term_string"}}],"inLanguage":"lv-LV"},{"@type":"Organization","@id":"https:\/\/projector.ee\/#organization","name":"Projector","url":"https:\/\/projector.ee\/","logo":{"@type":"ImageObject","inLanguage":"lv-LV","@id":"https:\/\/projector.ee\/#\/schema\/logo\/image\/","url":"https:\/\/projector.ee\/wp-content\/uploads\/logo-projector.svg","contentUrl":"https:\/\/projector.ee\/wp-content\/uploads\/logo-projector.svg","width":1,"height":1,"caption":"Projector"},"image":{"@id":"https:\/\/projector.ee\/#\/schema\/logo\/image\/"},"sameAs":["https:\/\/www.facebook.com\/projector.bpt\/"]}]}},"_links":{"self":[{"href":"https:\/\/projector.ee\/lv\/wp-json\/wp\/v2\/pages\/7117","targetHints":{"allow":["GET"]}}],"collection":[{"href":"https:\/\/projector.ee\/lv\/wp-json\/wp\/v2\/pages"}],"about":[{"href":"https:\/\/projector.ee\/lv\/wp-json\/wp\/v2\/types\/page"}],"author":[{"embeddable":true,"href":"https:\/\/projector.ee\/lv\/wp-json\/wp\/v2\/users\/3"}],"replies":[{"embeddable":true,"href":"https:\/\/projector.ee\/lv\/wp-json\/wp\/v2\/comments?post=7117"}],"version-history":[{"count":0,"href":"https:\/\/projector.ee\/lv\/wp-json\/wp\/v2\/pages\/7117\/revisions"}],"up":[{"embeddable":true,"href":"https:\/\/projector.ee\/lv\/wp-json\/wp\/v2\/pages\/3501"}],"wp:attachment":[{"href":"https:\/\/projector.ee\/lv\/wp-json\/wp\/v2\/media?parent=7117"}],"curies":[{"name":"wp","href":"https:\/\/api.w.org\/{rel}","templated":true}]}}