{"id":7116,"date":"2024-02-13T10:16:29","date_gmt":"2024-02-13T08:16:29","guid":{"rendered":"https:\/\/projector.ee\/pakalpojumi\/pasutitaja-parstavesana-un-projektu-uzraudziba\/"},"modified":"2024-02-13T11:39:06","modified_gmt":"2024-02-13T09:39:06","slug":"pasutitaja-parstavesana-un-projektu-uzraudziba","status":"publish","type":"page","link":"https:\/\/projector.ee\/lv\/pakalpojumi\/pasutitaja-parstavesana-un-projektu-uzraudziba\/","title":{"rendered":"Pas\u016bt\u012bt\u0101ja p\u0101rst\u0101v\u0113\u0161ana un projektu uzraudz\u012bba"},"content":{"rendered":"<p>M\u0113s piedal\u0101mies savu klientu sarun\u0101s par konkursa proced\u016bras rezult\u0101t\u0101 pie\u0161\u0137irtiem l\u012bgumiem un\u00a0<strong>sazi\u0146\u0101 ar b\u016bvniec\u012bbas darbu uz\u0146\u0113m\u0113jiem un pakalpojumu sniedz\u0113jiem<\/strong>. M\u0113s uz\u0146emamies\u00a0<strong>projektu uzraudz\u012bbu un p\u0101rskata zi\u0146ojumu snieg\u0161anas procesu,<span>\u00a0<\/span><\/strong>k\u0101 ar\u012b veicam pie\u0146em\u0161anas stadij\u0101 nepiecie\u0161am\u0101s<strong>\u00a0p\u0101rbaudes<\/strong>\u00a0un testus.<\/p>\n<p>M\u0113s \u012bstenojam l\u012bgumsl\u0113dz\u0113ja\u00a0<strong>projekta vad\u012bbas pakalpojumus.\u00a0<\/strong>M\u0113s vienm\u0113r konsult\u0113jam klientu\u00a0<strong>garantijas perioda laik\u0101<span>\u00a0<\/span><\/strong>attiec\u012bb\u0101 uz to, k\u0101 izveidot m\u0113r\u0137tiec\u012bgu \u0113kas apsaimnieko\u0161anas sist\u0113mu.<\/p>\n<p>Personai, kas veic\u00a0<strong>projekta uzraudz\u012bbu,\u00a0<\/strong>j\u0101b\u016bt projekta viz\u012btkartei, jo t\u0101s uzticam\u012bba ir krit\u0113rijs, p\u0113c kura projektu nov\u0113rt\u0113.<\/p>\n<p>M\u016bsu aktivit\u0101tes rada\u00a0<strong>liel\u0101ku pievienoto v\u0113rt\u012bbu\u00a0<\/strong>m\u016bsu klientiem nek\u0101 tradicion\u0101lo projektu uzraugu darbs.<\/p>\n","protected":false},"excerpt":{"rendered":"<p>M\u0113s piedal\u0101mies savu klientu sarun\u0101s par konkursa proced\u016bras rezult\u0101t\u0101 pie\u0161\u0137irtiem l\u012bgumiem un\u00a0sazi\u0146\u0101 ar b\u016bvniec\u012bbas darbu uz\u0146\u0113m\u0113jiem un pakalpojumu sniedz\u0113jiem. M\u0113s uz\u0146emamies\u00a0projektu uzraudz\u012bbu un p\u0101rskata zi\u0146ojumu snieg\u0161anas procesu,\u00a0k\u0101 ar\u012b veicam pie\u0146em\u0161anas stadij\u0101 nepiecie\u0161am\u0101s\u00a0p\u0101rbaudes\u00a0un testus. M\u0113s \u012bstenojam l\u012bgumsl\u0113dz\u0113ja\u00a0projekta vad\u012bbas pakalpojumus.\u00a0M\u0113s vienm\u0113r konsult\u0113jam klientu\u00a0garantijas perioda laik\u0101\u00a0attiec\u012bb\u0101 uz to, k\u0101 izveidot m\u0113r\u0137tiec\u012bgu \u0113kas apsaimnieko\u0161anas sist\u0113mu. Personai, kas veic\u00a0projekta uzraudz\u012bbu,\u00a0j\u0101b\u016bt [&#8230;]<\/p>\n<p><a class=\"btn btn-secondary read-more-link\" href=\"https:\/\/projector.ee\/lv\/pakalpojumi\/pasutitaja-parstavesana-un-projektu-uzraudziba\/\">Las\u012bt vair\u0101k \u2192<\/a><\/p>\n","protected":false},"author":3,"featured_media":0,"parent":3501,"menu_order":13,"comment_status":"closed","ping_status":"closed","template":"page-withtitle.php","meta":{"_acf_changed":false,"_custom_body_class":"services","_custom_post_class":"","inline_featured_image":false,"footnotes":""},"class_list":["post-7116","page","type-page","status-publish","hentry"],"acf":[],"yoast_head":"<!-- This site is optimized with the Yoast SEO plugin v27.4 - https:\/\/yoast.com\/product\/yoast-seo-wordpress\/ -->\n<title>Pas\u016bt\u012bt\u0101ja p\u0101rst\u0101v\u0113\u0161ana un projektu uzraudz\u012bba - Projector<\/title>\n<meta name=\"robots\" content=\"index, follow, max-snippet:-1, max-image-preview:large, max-video-preview:-1\" \/>\n<link rel=\"canonical\" href=\"https:\/\/projector.ee\/lv\/pakalpojumi\/pasutitaja-parstavesana-un-projektu-uzraudziba\/\" \/>\n<meta property=\"og:locale\" content=\"lv_LV\" \/>\n<meta property=\"og:type\" content=\"article\" \/>\n<meta property=\"og:title\" content=\"Pas\u016bt\u012bt\u0101ja p\u0101rst\u0101v\u0113\u0161ana un projektu uzraudz\u012bba - Projector\" \/>\n<meta property=\"og:description\" content=\"M\u0113s piedal\u0101mies savu klientu sarun\u0101s par konkursa proced\u016bras rezult\u0101t\u0101 pie\u0161\u0137irtiem l\u012bgumiem un\u00a0sazi\u0146\u0101 ar b\u016bvniec\u012bbas darbu uz\u0146\u0113m\u0113jiem un pakalpojumu sniedz\u0113jiem. M\u0113s uz\u0146emamies\u00a0projektu uzraudz\u012bbu un p\u0101rskata zi\u0146ojumu snieg\u0161anas procesu,\u00a0k\u0101 ar\u012b veicam pie\u0146em\u0161anas stadij\u0101 nepiecie\u0161am\u0101s\u00a0p\u0101rbaudes\u00a0un testus. M\u0113s \u012bstenojam l\u012bgumsl\u0113dz\u0113ja\u00a0projekta vad\u012bbas pakalpojumus.\u00a0M\u0113s vienm\u0113r konsult\u0113jam klientu\u00a0garantijas perioda laik\u0101\u00a0attiec\u012bb\u0101 uz to, k\u0101 izveidot m\u0113r\u0137tiec\u012bgu \u0113kas apsaimnieko\u0161anas sist\u0113mu. Personai, kas veic\u00a0projekta uzraudz\u012bbu,\u00a0j\u0101b\u016bt [...]Las\u012bt vair\u0101k \u2192\" \/>\n<meta property=\"og:url\" content=\"https:\/\/projector.ee\/lv\/pakalpojumi\/pasutitaja-parstavesana-un-projektu-uzraudziba\/\" \/>\n<meta property=\"og:site_name\" content=\"Projector\" \/>\n<meta property=\"article:publisher\" content=\"https:\/\/www.facebook.com\/projector.bpt\/\" \/>\n<meta property=\"article:modified_time\" content=\"2024-02-13T09:39:06+00:00\" \/>\n<meta name=\"twitter:card\" content=\"summary_large_image\" \/>\n<meta name=\"twitter:label1\" content=\"Est. reading time\" \/>\n\t<meta name=\"twitter:data1\" content=\"1 min\u016b\u0161u\" \/>\n<script type=\"application\/ld+json\" class=\"yoast-schema-graph\">{\"@context\":\"https:\\\/\\\/schema.org\",\"@graph\":[{\"@type\":\"WebPage\",\"@id\":\"https:\\\/\\\/projector.ee\\\/lv\\\/pakalpojumi\\\/pasutitaja-parstavesana-un-projektu-uzraudziba\\\/\",\"url\":\"https:\\\/\\\/projector.ee\\\/lv\\\/pakalpojumi\\\/pasutitaja-parstavesana-un-projektu-uzraudziba\\\/\",\"name\":\"Pas\u016bt\u012bt\u0101ja p\u0101rst\u0101v\u0113\u0161ana un projektu uzraudz\u012bba - Projector\",\"isPartOf\":{\"@id\":\"https:\\\/\\\/projector.ee\\\/#website\"},\"datePublished\":\"2024-02-13T08:16:29+00:00\",\"dateModified\":\"2024-02-13T09:39:06+00:00\",\"breadcrumb\":{\"@id\":\"https:\\\/\\\/projector.ee\\\/lv\\\/pakalpojumi\\\/pasutitaja-parstavesana-un-projektu-uzraudziba\\\/#breadcrumb\"},\"inLanguage\":\"lv-LV\",\"potentialAction\":[{\"@type\":\"ReadAction\",\"target\":[\"https:\\\/\\\/projector.ee\\\/lv\\\/pakalpojumi\\\/pasutitaja-parstavesana-un-projektu-uzraudziba\\\/\"]}]},{\"@type\":\"BreadcrumbList\",\"@id\":\"https:\\\/\\\/projector.ee\\\/lv\\\/pakalpojumi\\\/pasutitaja-parstavesana-un-projektu-uzraudziba\\\/#breadcrumb\",\"itemListElement\":[{\"@type\":\"ListItem\",\"position\":1,\"name\":\"Home\",\"item\":\"https:\\\/\\\/projector.ee\\\/lv\\\/\"},{\"@type\":\"ListItem\",\"position\":2,\"name\":\"Pakalpojumi\",\"item\":\"https:\\\/\\\/projector.ee\\\/lv\\\/pakalpojumi\\\/\"},{\"@type\":\"ListItem\",\"position\":3,\"name\":\"Pas\u016bt\u012bt\u0101ja p\u0101rst\u0101v\u0113\u0161ana un projektu uzraudz\u012bba\"}]},{\"@type\":\"WebSite\",\"@id\":\"https:\\\/\\\/projector.ee\\\/#website\",\"url\":\"https:\\\/\\\/projector.ee\\\/\",\"name\":\"Projector\",\"description\":\"\",\"publisher\":{\"@id\":\"https:\\\/\\\/projector.ee\\\/#organization\"},\"potentialAction\":[{\"@type\":\"SearchAction\",\"target\":{\"@type\":\"EntryPoint\",\"urlTemplate\":\"https:\\\/\\\/projector.ee\\\/?s={search_term_string}\"},\"query-input\":{\"@type\":\"PropertyValueSpecification\",\"valueRequired\":true,\"valueName\":\"search_term_string\"}}],\"inLanguage\":\"lv-LV\"},{\"@type\":\"Organization\",\"@id\":\"https:\\\/\\\/projector.ee\\\/#organization\",\"name\":\"Projector\",\"url\":\"https:\\\/\\\/projector.ee\\\/\",\"logo\":{\"@type\":\"ImageObject\",\"inLanguage\":\"lv-LV\",\"@id\":\"https:\\\/\\\/projector.ee\\\/#\\\/schema\\\/logo\\\/image\\\/\",\"url\":\"https:\\\/\\\/projector.ee\\\/wp-content\\\/uploads\\\/logo-projector.svg\",\"contentUrl\":\"https:\\\/\\\/projector.ee\\\/wp-content\\\/uploads\\\/logo-projector.svg\",\"width\":1,\"height\":1,\"caption\":\"Projector\"},\"image\":{\"@id\":\"https:\\\/\\\/projector.ee\\\/#\\\/schema\\\/logo\\\/image\\\/\"},\"sameAs\":[\"https:\\\/\\\/www.facebook.com\\\/projector.bpt\\\/\"]}]}<\/script>\n<!-- \/ Yoast SEO plugin. -->","yoast_head_json":{"title":"Pas\u016bt\u012bt\u0101ja p\u0101rst\u0101v\u0113\u0161ana un projektu uzraudz\u012bba - Projector","robots":{"index":"index","follow":"follow","max-snippet":"max-snippet:-1","max-image-preview":"max-image-preview:large","max-video-preview":"max-video-preview:-1"},"canonical":"https:\/\/projector.ee\/lv\/pakalpojumi\/pasutitaja-parstavesana-un-projektu-uzraudziba\/","og_locale":"lv_LV","og_type":"article","og_title":"Pas\u016bt\u012bt\u0101ja p\u0101rst\u0101v\u0113\u0161ana un projektu uzraudz\u012bba - Projector","og_description":"M\u0113s piedal\u0101mies savu klientu sarun\u0101s par konkursa proced\u016bras rezult\u0101t\u0101 pie\u0161\u0137irtiem l\u012bgumiem un\u00a0sazi\u0146\u0101 ar b\u016bvniec\u012bbas darbu uz\u0146\u0113m\u0113jiem un pakalpojumu sniedz\u0113jiem. M\u0113s uz\u0146emamies\u00a0projektu uzraudz\u012bbu un p\u0101rskata zi\u0146ojumu snieg\u0161anas procesu,\u00a0k\u0101 ar\u012b veicam pie\u0146em\u0161anas stadij\u0101 nepiecie\u0161am\u0101s\u00a0p\u0101rbaudes\u00a0un testus. M\u0113s \u012bstenojam l\u012bgumsl\u0113dz\u0113ja\u00a0projekta vad\u012bbas pakalpojumus.\u00a0M\u0113s vienm\u0113r konsult\u0113jam klientu\u00a0garantijas perioda laik\u0101\u00a0attiec\u012bb\u0101 uz to, k\u0101 izveidot m\u0113r\u0137tiec\u012bgu \u0113kas apsaimnieko\u0161anas sist\u0113mu. Personai, kas veic\u00a0projekta uzraudz\u012bbu,\u00a0j\u0101b\u016bt [...]Las\u012bt vair\u0101k \u2192","og_url":"https:\/\/projector.ee\/lv\/pakalpojumi\/pasutitaja-parstavesana-un-projektu-uzraudziba\/","og_site_name":"Projector","article_publisher":"https:\/\/www.facebook.com\/projector.bpt\/","article_modified_time":"2024-02-13T09:39:06+00:00","twitter_card":"summary_large_image","twitter_misc":{"Est. reading time":"1 min\u016b\u0161u"},"schema":{"@context":"https:\/\/schema.org","@graph":[{"@type":"WebPage","@id":"https:\/\/projector.ee\/lv\/pakalpojumi\/pasutitaja-parstavesana-un-projektu-uzraudziba\/","url":"https:\/\/projector.ee\/lv\/pakalpojumi\/pasutitaja-parstavesana-un-projektu-uzraudziba\/","name":"Pas\u016bt\u012bt\u0101ja p\u0101rst\u0101v\u0113\u0161ana un projektu uzraudz\u012bba - Projector","isPartOf":{"@id":"https:\/\/projector.ee\/#website"},"datePublished":"2024-02-13T08:16:29+00:00","dateModified":"2024-02-13T09:39:06+00:00","breadcrumb":{"@id":"https:\/\/projector.ee\/lv\/pakalpojumi\/pasutitaja-parstavesana-un-projektu-uzraudziba\/#breadcrumb"},"inLanguage":"lv-LV","potentialAction":[{"@type":"ReadAction","target":["https:\/\/projector.ee\/lv\/pakalpojumi\/pasutitaja-parstavesana-un-projektu-uzraudziba\/"]}]},{"@type":"BreadcrumbList","@id":"https:\/\/projector.ee\/lv\/pakalpojumi\/pasutitaja-parstavesana-un-projektu-uzraudziba\/#breadcrumb","itemListElement":[{"@type":"ListItem","position":1,"name":"Home","item":"https:\/\/projector.ee\/lv\/"},{"@type":"ListItem","position":2,"name":"Pakalpojumi","item":"https:\/\/projector.ee\/lv\/pakalpojumi\/"},{"@type":"ListItem","position":3,"name":"Pas\u016bt\u012bt\u0101ja p\u0101rst\u0101v\u0113\u0161ana un projektu uzraudz\u012bba"}]},{"@type":"WebSite","@id":"https:\/\/projector.ee\/#website","url":"https:\/\/projector.ee\/","name":"Projector","description":"","publisher":{"@id":"https:\/\/projector.ee\/#organization"},"potentialAction":[{"@type":"SearchAction","target":{"@type":"EntryPoint","urlTemplate":"https:\/\/projector.ee\/?s={search_term_string}"},"query-input":{"@type":"PropertyValueSpecification","valueRequired":true,"valueName":"search_term_string"}}],"inLanguage":"lv-LV"},{"@type":"Organization","@id":"https:\/\/projector.ee\/#organization","name":"Projector","url":"https:\/\/projector.ee\/","logo":{"@type":"ImageObject","inLanguage":"lv-LV","@id":"https:\/\/projector.ee\/#\/schema\/logo\/image\/","url":"https:\/\/projector.ee\/wp-content\/uploads\/logo-projector.svg","contentUrl":"https:\/\/projector.ee\/wp-content\/uploads\/logo-projector.svg","width":1,"height":1,"caption":"Projector"},"image":{"@id":"https:\/\/projector.ee\/#\/schema\/logo\/image\/"},"sameAs":["https:\/\/www.facebook.com\/projector.bpt\/"]}]}},"_links":{"self":[{"href":"https:\/\/projector.ee\/lv\/wp-json\/wp\/v2\/pages\/7116","targetHints":{"allow":["GET"]}}],"collection":[{"href":"https:\/\/projector.ee\/lv\/wp-json\/wp\/v2\/pages"}],"about":[{"href":"https:\/\/projector.ee\/lv\/wp-json\/wp\/v2\/types\/page"}],"author":[{"embeddable":true,"href":"https:\/\/projector.ee\/lv\/wp-json\/wp\/v2\/users\/3"}],"replies":[{"embeddable":true,"href":"https:\/\/projector.ee\/lv\/wp-json\/wp\/v2\/comments?post=7116"}],"version-history":[{"count":0,"href":"https:\/\/projector.ee\/lv\/wp-json\/wp\/v2\/pages\/7116\/revisions"}],"up":[{"embeddable":true,"href":"https:\/\/projector.ee\/lv\/wp-json\/wp\/v2\/pages\/3501"}],"wp:attachment":[{"href":"https:\/\/projector.ee\/lv\/wp-json\/wp\/v2\/media?parent=7116"}],"curies":[{"name":"wp","href":"https:\/\/api.w.org\/{rel}","templated":true}]}}