{"id":7115,"date":"2024-02-13T10:16:54","date_gmt":"2024-02-13T08:16:54","guid":{"rendered":"https:\/\/projector.ee\/pakalpojumi\/tehniskas-uzticamibas-parbauzu-pakalpojumi\/"},"modified":"2024-02-13T11:40:04","modified_gmt":"2024-02-13T09:40:04","slug":"tehniskas-uzticamibas-parbauzu-pakalpojumi","status":"publish","type":"page","link":"https:\/\/projector.ee\/lv\/pakalpojumi\/tehniskas-uzticamibas-parbauzu-pakalpojumi\/","title":{"rendered":"Tehnisk\u0101s uzticam\u012bbas p\u0101rbau\u017eu pakalpojumi"},"content":{"rendered":"<p><strong>Tehnisk\u0101s uzticam\u012bbas p\u0101rbau\u017eu pakalpojumi\u00a0<\/strong>aptver \u0113ku tehnisk\u0101 st\u0101vok\u013ca un t\u0101s apsaimnieko\u0161anas kvalit\u0101tes nov\u0113rt\u0113jumu. Attiec\u012bb\u0101 uz katru \u0113kas da\u013cu m\u0113s nor\u0101d\u0101m nepiecie\u0161am\u0101s t\u016bl\u012bt\u0113ja un ilgsto\u0161a remonta vajadz\u012bbas.<\/p>\n<p>M\u016bsu\u00a0<strong>tehnisk\u0101 st\u0101vok\u013ca p\u0113t\u012bjumos<\/strong>\u00a0galven\u0101 uzman\u012bba tiek piev\u0113rsta konstrukciju, b\u016bvelementu un tehnisko sist\u0113mu st\u0101voklim p\u0101rbaudes laik\u0101. Attiec\u012bgi m\u016bsu klienti sa\u0146ems\u00a0<strong>nekustam\u0101 \u012bpa\u0161uma tehnisk\u0101 st\u0101vok\u013ca kopsavilkumu<\/strong>\u00a0un p\u0101rskata zi\u0146ojumu, kur\u0101 uzskait\u012btas remonta vajadz\u012bbas.<\/p>\n","protected":false},"excerpt":{"rendered":"<p>Tehnisk\u0101s uzticam\u012bbas p\u0101rbau\u017eu pakalpojumi\u00a0aptver \u0113ku tehnisk\u0101 st\u0101vok\u013ca un t\u0101s apsaimnieko\u0161anas kvalit\u0101tes nov\u0113rt\u0113jumu. Attiec\u012bb\u0101 uz katru \u0113kas da\u013cu m\u0113s nor\u0101d\u0101m nepiecie\u0161am\u0101s t\u016bl\u012bt\u0113ja un ilgsto\u0161a remonta vajadz\u012bbas. M\u016bsu\u00a0tehnisk\u0101 st\u0101vok\u013ca p\u0113t\u012bjumos\u00a0galven\u0101 uzman\u012bba tiek piev\u0113rsta konstrukciju, b\u016bvelementu un tehnisko sist\u0113mu st\u0101voklim p\u0101rbaudes laik\u0101. Attiec\u012bgi m\u016bsu klienti sa\u0146ems\u00a0nekustam\u0101 \u012bpa\u0161uma tehnisk\u0101 st\u0101vok\u013ca kopsavilkumu\u00a0un p\u0101rskata zi\u0146ojumu, kur\u0101 uzskait\u012btas remonta vajadz\u012bbas. [&#8230;]<\/p>\n<p><a class=\"btn btn-secondary read-more-link\" href=\"https:\/\/projector.ee\/lv\/pakalpojumi\/tehniskas-uzticamibas-parbauzu-pakalpojumi\/\">Las\u012bt vair\u0101k \u2192<\/a><\/p>\n","protected":false},"author":3,"featured_media":0,"parent":3501,"menu_order":9,"comment_status":"closed","ping_status":"closed","template":"page-withtitle.php","meta":{"_acf_changed":false,"_custom_body_class":"services","_custom_post_class":"","inline_featured_image":false,"footnotes":""},"class_list":["post-7115","page","type-page","status-publish","hentry"],"acf":[],"yoast_head":"<!-- This site is optimized with the Yoast SEO plugin v27.4 - https:\/\/yoast.com\/product\/yoast-seo-wordpress\/ -->\n<title>Tehnisk\u0101s uzticam\u012bbas p\u0101rbau\u017eu pakalpojumi - Projector<\/title>\n<meta name=\"robots\" content=\"index, follow, max-snippet:-1, max-image-preview:large, max-video-preview:-1\" \/>\n<link rel=\"canonical\" href=\"https:\/\/projector.ee\/lv\/pakalpojumi\/tehniskas-uzticamibas-parbauzu-pakalpojumi\/\" \/>\n<meta property=\"og:locale\" content=\"lv_LV\" \/>\n<meta property=\"og:type\" content=\"article\" \/>\n<meta property=\"og:title\" content=\"Tehnisk\u0101s uzticam\u012bbas p\u0101rbau\u017eu pakalpojumi - Projector\" \/>\n<meta property=\"og:description\" content=\"Tehnisk\u0101s uzticam\u012bbas p\u0101rbau\u017eu pakalpojumi\u00a0aptver \u0113ku tehnisk\u0101 st\u0101vok\u013ca un t\u0101s apsaimnieko\u0161anas kvalit\u0101tes nov\u0113rt\u0113jumu. Attiec\u012bb\u0101 uz katru \u0113kas da\u013cu m\u0113s nor\u0101d\u0101m nepiecie\u0161am\u0101s t\u016bl\u012bt\u0113ja un ilgsto\u0161a remonta vajadz\u012bbas. M\u016bsu\u00a0tehnisk\u0101 st\u0101vok\u013ca p\u0113t\u012bjumos\u00a0galven\u0101 uzman\u012bba tiek piev\u0113rsta konstrukciju, b\u016bvelementu un tehnisko sist\u0113mu st\u0101voklim p\u0101rbaudes laik\u0101. Attiec\u012bgi m\u016bsu klienti sa\u0146ems\u00a0nekustam\u0101 \u012bpa\u0161uma tehnisk\u0101 st\u0101vok\u013ca kopsavilkumu\u00a0un p\u0101rskata zi\u0146ojumu, kur\u0101 uzskait\u012btas remonta vajadz\u012bbas. [...]Las\u012bt vair\u0101k \u2192\" \/>\n<meta property=\"og:url\" content=\"https:\/\/projector.ee\/lv\/pakalpojumi\/tehniskas-uzticamibas-parbauzu-pakalpojumi\/\" \/>\n<meta property=\"og:site_name\" content=\"Projector\" \/>\n<meta property=\"article:publisher\" content=\"https:\/\/www.facebook.com\/projector.bpt\/\" \/>\n<meta property=\"article:modified_time\" content=\"2024-02-13T09:40:04+00:00\" \/>\n<meta name=\"twitter:card\" content=\"summary_large_image\" \/>\n<meta name=\"twitter:label1\" content=\"Est. reading time\" \/>\n\t<meta name=\"twitter:data1\" content=\"1 min\u016b\u0161u\" \/>\n<script type=\"application\/ld+json\" class=\"yoast-schema-graph\">{\"@context\":\"https:\\\/\\\/schema.org\",\"@graph\":[{\"@type\":\"WebPage\",\"@id\":\"https:\\\/\\\/projector.ee\\\/lv\\\/pakalpojumi\\\/tehniskas-uzticamibas-parbauzu-pakalpojumi\\\/\",\"url\":\"https:\\\/\\\/projector.ee\\\/lv\\\/pakalpojumi\\\/tehniskas-uzticamibas-parbauzu-pakalpojumi\\\/\",\"name\":\"Tehnisk\u0101s uzticam\u012bbas p\u0101rbau\u017eu pakalpojumi - Projector\",\"isPartOf\":{\"@id\":\"https:\\\/\\\/projector.ee\\\/#website\"},\"datePublished\":\"2024-02-13T08:16:54+00:00\",\"dateModified\":\"2024-02-13T09:40:04+00:00\",\"breadcrumb\":{\"@id\":\"https:\\\/\\\/projector.ee\\\/lv\\\/pakalpojumi\\\/tehniskas-uzticamibas-parbauzu-pakalpojumi\\\/#breadcrumb\"},\"inLanguage\":\"lv-LV\",\"potentialAction\":[{\"@type\":\"ReadAction\",\"target\":[\"https:\\\/\\\/projector.ee\\\/lv\\\/pakalpojumi\\\/tehniskas-uzticamibas-parbauzu-pakalpojumi\\\/\"]}]},{\"@type\":\"BreadcrumbList\",\"@id\":\"https:\\\/\\\/projector.ee\\\/lv\\\/pakalpojumi\\\/tehniskas-uzticamibas-parbauzu-pakalpojumi\\\/#breadcrumb\",\"itemListElement\":[{\"@type\":\"ListItem\",\"position\":1,\"name\":\"Home\",\"item\":\"https:\\\/\\\/projector.ee\\\/lv\\\/\"},{\"@type\":\"ListItem\",\"position\":2,\"name\":\"Pakalpojumi\",\"item\":\"https:\\\/\\\/projector.ee\\\/lv\\\/pakalpojumi\\\/\"},{\"@type\":\"ListItem\",\"position\":3,\"name\":\"Tehnisk\u0101s uzticam\u012bbas p\u0101rbau\u017eu pakalpojumi\"}]},{\"@type\":\"WebSite\",\"@id\":\"https:\\\/\\\/projector.ee\\\/#website\",\"url\":\"https:\\\/\\\/projector.ee\\\/\",\"name\":\"Projector\",\"description\":\"\",\"publisher\":{\"@id\":\"https:\\\/\\\/projector.ee\\\/#organization\"},\"potentialAction\":[{\"@type\":\"SearchAction\",\"target\":{\"@type\":\"EntryPoint\",\"urlTemplate\":\"https:\\\/\\\/projector.ee\\\/?s={search_term_string}\"},\"query-input\":{\"@type\":\"PropertyValueSpecification\",\"valueRequired\":true,\"valueName\":\"search_term_string\"}}],\"inLanguage\":\"lv-LV\"},{\"@type\":\"Organization\",\"@id\":\"https:\\\/\\\/projector.ee\\\/#organization\",\"name\":\"Projector\",\"url\":\"https:\\\/\\\/projector.ee\\\/\",\"logo\":{\"@type\":\"ImageObject\",\"inLanguage\":\"lv-LV\",\"@id\":\"https:\\\/\\\/projector.ee\\\/#\\\/schema\\\/logo\\\/image\\\/\",\"url\":\"https:\\\/\\\/projector.ee\\\/wp-content\\\/uploads\\\/logo-projector.svg\",\"contentUrl\":\"https:\\\/\\\/projector.ee\\\/wp-content\\\/uploads\\\/logo-projector.svg\",\"width\":1,\"height\":1,\"caption\":\"Projector\"},\"image\":{\"@id\":\"https:\\\/\\\/projector.ee\\\/#\\\/schema\\\/logo\\\/image\\\/\"},\"sameAs\":[\"https:\\\/\\\/www.facebook.com\\\/projector.bpt\\\/\"]}]}<\/script>\n<!-- \/ Yoast SEO plugin. -->","yoast_head_json":{"title":"Tehnisk\u0101s uzticam\u012bbas p\u0101rbau\u017eu pakalpojumi - Projector","robots":{"index":"index","follow":"follow","max-snippet":"max-snippet:-1","max-image-preview":"max-image-preview:large","max-video-preview":"max-video-preview:-1"},"canonical":"https:\/\/projector.ee\/lv\/pakalpojumi\/tehniskas-uzticamibas-parbauzu-pakalpojumi\/","og_locale":"lv_LV","og_type":"article","og_title":"Tehnisk\u0101s uzticam\u012bbas p\u0101rbau\u017eu pakalpojumi - Projector","og_description":"Tehnisk\u0101s uzticam\u012bbas p\u0101rbau\u017eu pakalpojumi\u00a0aptver \u0113ku tehnisk\u0101 st\u0101vok\u013ca un t\u0101s apsaimnieko\u0161anas kvalit\u0101tes nov\u0113rt\u0113jumu. Attiec\u012bb\u0101 uz katru \u0113kas da\u013cu m\u0113s nor\u0101d\u0101m nepiecie\u0161am\u0101s t\u016bl\u012bt\u0113ja un ilgsto\u0161a remonta vajadz\u012bbas. M\u016bsu\u00a0tehnisk\u0101 st\u0101vok\u013ca p\u0113t\u012bjumos\u00a0galven\u0101 uzman\u012bba tiek piev\u0113rsta konstrukciju, b\u016bvelementu un tehnisko sist\u0113mu st\u0101voklim p\u0101rbaudes laik\u0101. Attiec\u012bgi m\u016bsu klienti sa\u0146ems\u00a0nekustam\u0101 \u012bpa\u0161uma tehnisk\u0101 st\u0101vok\u013ca kopsavilkumu\u00a0un p\u0101rskata zi\u0146ojumu, kur\u0101 uzskait\u012btas remonta vajadz\u012bbas. [...]Las\u012bt vair\u0101k \u2192","og_url":"https:\/\/projector.ee\/lv\/pakalpojumi\/tehniskas-uzticamibas-parbauzu-pakalpojumi\/","og_site_name":"Projector","article_publisher":"https:\/\/www.facebook.com\/projector.bpt\/","article_modified_time":"2024-02-13T09:40:04+00:00","twitter_card":"summary_large_image","twitter_misc":{"Est. reading time":"1 min\u016b\u0161u"},"schema":{"@context":"https:\/\/schema.org","@graph":[{"@type":"WebPage","@id":"https:\/\/projector.ee\/lv\/pakalpojumi\/tehniskas-uzticamibas-parbauzu-pakalpojumi\/","url":"https:\/\/projector.ee\/lv\/pakalpojumi\/tehniskas-uzticamibas-parbauzu-pakalpojumi\/","name":"Tehnisk\u0101s uzticam\u012bbas p\u0101rbau\u017eu pakalpojumi - Projector","isPartOf":{"@id":"https:\/\/projector.ee\/#website"},"datePublished":"2024-02-13T08:16:54+00:00","dateModified":"2024-02-13T09:40:04+00:00","breadcrumb":{"@id":"https:\/\/projector.ee\/lv\/pakalpojumi\/tehniskas-uzticamibas-parbauzu-pakalpojumi\/#breadcrumb"},"inLanguage":"lv-LV","potentialAction":[{"@type":"ReadAction","target":["https:\/\/projector.ee\/lv\/pakalpojumi\/tehniskas-uzticamibas-parbauzu-pakalpojumi\/"]}]},{"@type":"BreadcrumbList","@id":"https:\/\/projector.ee\/lv\/pakalpojumi\/tehniskas-uzticamibas-parbauzu-pakalpojumi\/#breadcrumb","itemListElement":[{"@type":"ListItem","position":1,"name":"Home","item":"https:\/\/projector.ee\/lv\/"},{"@type":"ListItem","position":2,"name":"Pakalpojumi","item":"https:\/\/projector.ee\/lv\/pakalpojumi\/"},{"@type":"ListItem","position":3,"name":"Tehnisk\u0101s uzticam\u012bbas p\u0101rbau\u017eu pakalpojumi"}]},{"@type":"WebSite","@id":"https:\/\/projector.ee\/#website","url":"https:\/\/projector.ee\/","name":"Projector","description":"","publisher":{"@id":"https:\/\/projector.ee\/#organization"},"potentialAction":[{"@type":"SearchAction","target":{"@type":"EntryPoint","urlTemplate":"https:\/\/projector.ee\/?s={search_term_string}"},"query-input":{"@type":"PropertyValueSpecification","valueRequired":true,"valueName":"search_term_string"}}],"inLanguage":"lv-LV"},{"@type":"Organization","@id":"https:\/\/projector.ee\/#organization","name":"Projector","url":"https:\/\/projector.ee\/","logo":{"@type":"ImageObject","inLanguage":"lv-LV","@id":"https:\/\/projector.ee\/#\/schema\/logo\/image\/","url":"https:\/\/projector.ee\/wp-content\/uploads\/logo-projector.svg","contentUrl":"https:\/\/projector.ee\/wp-content\/uploads\/logo-projector.svg","width":1,"height":1,"caption":"Projector"},"image":{"@id":"https:\/\/projector.ee\/#\/schema\/logo\/image\/"},"sameAs":["https:\/\/www.facebook.com\/projector.bpt\/"]}]}},"_links":{"self":[{"href":"https:\/\/projector.ee\/lv\/wp-json\/wp\/v2\/pages\/7115","targetHints":{"allow":["GET"]}}],"collection":[{"href":"https:\/\/projector.ee\/lv\/wp-json\/wp\/v2\/pages"}],"about":[{"href":"https:\/\/projector.ee\/lv\/wp-json\/wp\/v2\/types\/page"}],"author":[{"embeddable":true,"href":"https:\/\/projector.ee\/lv\/wp-json\/wp\/v2\/users\/3"}],"replies":[{"embeddable":true,"href":"https:\/\/projector.ee\/lv\/wp-json\/wp\/v2\/comments?post=7115"}],"version-history":[{"count":0,"href":"https:\/\/projector.ee\/lv\/wp-json\/wp\/v2\/pages\/7115\/revisions"}],"up":[{"embeddable":true,"href":"https:\/\/projector.ee\/lv\/wp-json\/wp\/v2\/pages\/3501"}],"wp:attachment":[{"href":"https:\/\/projector.ee\/lv\/wp-json\/wp\/v2\/media?parent=7115"}],"curies":[{"name":"wp","href":"https:\/\/api.w.org\/{rel}","templated":true}]}}