{"id":5003,"date":"2018-07-04T13:04:28","date_gmt":"2018-07-04T10:04:28","guid":{"rendered":"https:\/\/projector.ee\/privacy-and-cookie-policy\/"},"modified":"2018-07-11T12:07:45","modified_gmt":"2018-07-11T09:07:45","slug":"privacy-and-cookie-policy","status":"publish","type":"page","link":"https:\/\/projector.ee\/lv\/privacy-and-cookie-policy\/","title":{"rendered":"PRIV\u0100TUMA POLITIKA"},"content":{"rendered":"<h2>PRIV\u0100TUMA POLITIKA<\/h2>\n<p>Projector O\u00dc (Projector) r\u016bp j\u016bsu priv\u0101tums un j\u016bsu personas datu aizsardz\u012bba.<\/p>\n<p>\u0160aj\u0101 priv\u0101tuma politik\u0101 (\u201ePolitika\u201d) ir izskaidrots, k\u0101 Projector (kontaktinform\u0101cija zem\u0101k) v\u0101c un lieto inform\u0101ciju, kad j\u016bs izmantojat k\u0101du no pakalpojumiem, kas atrodas m\u016bsu t\u012bmek\u013ca vietn\u0113 www.wrkland.com (\u201eT\u012bmek\u013ca vietne\u201d), vai ja izmantojat k\u0101dus citus pakalpojumus (\u201ePakalpojumi\u201d), ko m\u0113s jums sniedzam.<\/p>\n<p>Lietojot T\u012bmek\u013ca vietni vai m\u016bsu Pakalpojumus vai mijiedarbojoties ar tiem, j\u016bs k\u0101 m\u016bsu t\u012bmek\u013ca vietnes lietot\u0101js vai k\u0101 m\u016bsu klients (\u201eLietot\u0101js\u201d, \u201eKlients\u201d vai \u201ej\u016bs\u201d) piekr\u012btat \u0161\u012bs Politikas noteikumiem un apstiprin\u0101t, ka esat izlas\u012bjis un izpratis visus \u0161aj\u0101 Politik\u0101 paredz\u0113tos noteikumus.<\/p>\n<p>M\u0113s apstr\u0101d\u0101jam personas datus saska\u0146\u0101 ar \u0161o Priv\u0101tuma politiku un atbilsto\u0161i sp\u0113k\u0101 eso\u0161ajiem ties\u012bbu aktiem, ieskaitot Visp\u0101r\u012bgo datu aizsardz\u012bbas regulu (2016\/679) (\u201eGDPR\u201d) un sp\u0113k\u0101 eso\u0161os nacion\u0101los datu aizsardz\u012bbas likumus Igaunij\u0101, Latvij\u0101 un Lietuv\u0101 (\u201eDatu aizsardz\u012bbas likums\u201d).<\/p>\n<p>Esam ap\u0146\u0113mu\u0161ies nodro\u0161in\u0101t uz m\u016bsu klientiem, potenci\u0101lajiem klientiem, to saist\u012btajiem uz\u0146\u0113mumiem un ar tiem saist\u012btiem indiv\u012bdiem attiecin\u0101m\u0101s inform\u0101cijas priv\u0101tumu un konfidencialit\u0101ti un iev\u0113rot zem\u0101k izkl\u0101st\u012bto politiku atbilsto\u0161i m\u016bsu profesion\u0101lajiem pien\u0101kumiem un sp\u0113k\u0101 eso\u0161ajiem Datu aizsardz\u012bbas likumiem.<br \/>\nM\u0113s esam to Personas datu p\u0101rzinis, uz ko attiecas \u0161\u012bs Politikas darb\u012bbas sf\u0113ra.<\/p>\n<p><strong>1. Politikas darb\u012bbas sf\u0113ra<\/strong><br \/>\n\u0160aj\u0101 Politik\u0101 aprakst\u012bts, k\u0101 m\u0113s apstr\u0101d\u0101jam Personas datus saist\u012bb\u0101 ar:<br \/>\n\u2022 visiem jaut\u0101jumiem, kas attiecas uz m\u016bsu klientiem, biju\u0161ajiem klientiem un potenci\u0101lajiem klientiem;<br \/>\n\u2022 jaunumu v\u0113stul\u0113m un m\u0101rketinga inform\u0101ciju;<br \/>\n\u2022 person\u0101la atlases procesiem;<br \/>\n\u2022 s\u012bkfailiem, kas tiek lietoti m\u016bsu T\u012bmek\u013ca vietn\u0113;<br \/>\n\u2022 vis\u0101m ar likumu noteiktaj\u0101m m\u016bsu saist\u012bb\u0101m attiec\u012bb\u0101 uz GDPR, ikvienu attiec\u012bgu Datu aizsardz\u012bbas likumu un visiem citiem likumiem un normat\u012bviem aktiem, k\u0101di var b\u016bt piem\u0113rojami.<\/p>\n<p><strong>2. Datu apstr\u0101des nol\u016bki, l\u012bdzek\u013ci un saglab\u0101\u0161anas termi\u0146i<\/strong><br \/>\na) Zi\u0146as, publik\u0101cijas un pas\u0101kumi: M\u0113s varam lietot j\u016bsu sniegto inform\u0101ciju (v\u0101rds, tituls, amats, j\u016bsu e-pasta adrese, visi nor\u0101d\u012btie t\u0101lru\u0146a numuri, j\u016bsu adrese un cita inform\u0101cija), lai s\u016bt\u012btu jums jaunumus par jaun\u0101kajiem notikumiem Projector, pakalpojumu darb\u012bbas sf\u0113ru, k\u0101du jums nodro\u0161in\u0101m, k\u0101 ar\u012b inform\u0101ciju par visiem gaid\u0101majiem pas\u0101kumiem, kas var\u0113tu j\u016bs interes\u0113t, ieskaitot izgl\u012btojo\u0161us semin\u0101rus. M\u0113s lietosim j\u016bsu Personas datus \u0161aj\u0101 nol\u016bk\u0101, kam\u0113r j\u016bs m\u016bs neinform\u0113siet, ka vairs nev\u0113laties sa\u0146emt no mums \u0161\u0101du inform\u0101ciju.<br \/>\nb) S\u012bkfaili: M\u0113s lietojam s\u012bkfailus, lai ieg\u016btu inform\u0101ciju par to, k\u0101 j\u016bs lietojat m\u016bsu T\u012bmek\u013ca vietni. S\u012bkfaili mums sniedz iesp\u0113ju nodro\u0161in\u0101t j\u016bs ar m\u0113r\u0137tiec\u012bg\u0101ku un pieejam\u0101ku pieredzi m\u016bsu T\u012bmek\u013ca vietnes izmanto\u0161an\u0101. Tre\u0161o pu\u0161u s\u012bkfaili pal\u012bdz mums uzlabot da\u017e\u0101dos kan\u0101los par\u0101d\u012bto rekl\u0101mu atbilst\u012bbu. B\u016bt\u012bb\u0101 \u0161\u012b inform\u0101cija nesatur nek\u0101dus datus, kas mums \u013cautu j\u016bs identific\u0113t individu\u0101li k\u0101 fizisku personu.<br \/>\nc) Person\u0101la atlase: M\u0113s varam lietot T\u012bmek\u013ca vietni un citus sazi\u0146as kan\u0101lus, kas uzskait\u012bti T\u012bmek\u013ca vietn\u0113, lai v\u0101ktu inform\u0101ciju par j\u016bsu darba vai prakses pieteikumu. M\u0113s izmantosim Personas datus, kas ietverti dokumentos, ko iesniedz\u0101t sav\u0101 pieteikum\u0101. M\u0113s saglab\u0101sim datus, ko esam sa\u0146\u0113mu\u0161i ar savu person\u0101la atlases procesu starpniec\u012bbu, tik ilgi, cik tas nepiecie\u0161ams, lai izv\u0113rt\u0113tu pieteikumu un atbilsto\u0161i visiem attiec\u012bgajiem likumiem un normat\u012bvajiem aktiem. Turkl\u0101t m\u0113s varam l\u016bgt j\u016bsu at\u013cauju saglab\u0101t j\u016bsu Personas datus v\u0113l k\u0101du laiku p\u0113c tam, kad esam izv\u0113rt\u0113ju\u0161i j\u016bsu pieteikumu.<\/p>\n<p><strong>3. J\u016bsu Personas datu apstr\u0101des tiesiskais pamatojums<\/strong><br \/>\nM\u0113s apstr\u0101d\u0101jam j\u016bsu Personas datus, pamatojoties uz:<br \/>\n\u2022 j\u016bsu at\u013cauju;<br \/>\n\u2022 juridisku nol\u012bgumu starp mums, kas veido datu apstr\u0101des pamatu;<br \/>\n\u2022 juridisk\u0101m saist\u012bb\u0101m, kam esam pak\u013cauti; un \/ vai<br \/>\n\u2022 m\u016bsu likum\u012bgaj\u0101m interes\u0113m nodro\u0161in\u0101t savu pakalpojumu kvalit\u0101ti.<br \/>\nM\u0113s aprobe\u017eojam j\u016bsu Personas datu apstr\u0101di ar t\u0101 nol\u016bka darb\u012bbas sf\u0113ru, k\u0101d\u0101 dati tika v\u0101kti. Piek\u013cuve j\u016bsu Personas datiem aprobe\u017eosies ar to person\u0101lu, kam j\u0101apstr\u0101d\u0101 Personas dati, lai izpild\u012btu savus profesion\u0101los pien\u0101kumus un savus tie\u0161os uzdevumus pret jums k\u0101 pret Klientu. J\u016bsu Personas dati netiek glab\u0101ti vai apstr\u0101d\u0101ti ilg\u0101k nek\u0101 tas nepiecie\u0161ams saist\u012bb\u0101 ar datu apstr\u0101des nol\u016bkiem, kas uzskait\u012bti iepriek\u0161.<\/p>\n<p>Esam veiku\u0161i atbilsto\u0161us tehniskos un organizatoriskos pas\u0101kumus, lai garant\u0113tu j\u016bsu Personas datu dro\u0161u apstr\u0101di. J\u016bsu dati tiks apstr\u0101d\u0101ti t\u0101, lai nodro\u0161in\u0101tu konfidencialit\u0101ti un datu integrit\u0101ti.<\/p>\n<p><strong>4. J\u016bsu Personas datu nodo\u0161ana tre\u0161aj\u0101m pus\u0113m<\/strong><br \/>\nM\u0113s izmantojam noteiktu tre\u0161o pu\u0161u pakalpojumus, lai nodro\u0161in\u0101tu savu pakalpojumu un T\u012bmek\u013ca vietnes funkcionalit\u0101ti. Mums j\u0101nodod j\u016bsu Personas dati \u0161iem tre\u0161\u0101s puses pakalpojumu sniedz\u0113jiem, lai \u0161\u012bs tre\u0161\u0101s puses var\u0113tu mums savus pakalpojumus sniegt. \u0160ie tre\u0161\u0101s puses pakalpojumu sniedz\u0113ji ir uzskat\u0101mi par datu apstr\u0101d\u0101t\u0101jiem. Personas dati, kas tiks nodoti \u0161iem tre\u0161\u0101s puses pakalpojumu sniedz\u0113jiem, aprobe\u017eosies ar to minimumu, k\u0101ds nepiecie\u0161ams, lai nodro\u0161in\u0101tu tre\u0161\u0101s puses pakalpojumus.<\/p>\n<p>Esam nodro\u0161in\u0101ju\u0161i, lai visi tre\u0161\u0101s puses pakalpojumu sniedz\u0113ji, kuriem m\u0113s nododam j\u016bsu Personas datus, iev\u0113rotu m\u016bsu nor\u0101d\u012bjumus attiec\u012bb\u0101 uz to, k\u0101 tiek apstr\u0101d\u0101ti j\u016bsu Personas dati. J\u016bsu Personas datu nodo\u0161anu regul\u0113 datu apstr\u0101des nol\u012bgumi vai datu apstr\u0101des noteikumi, k\u0101di past\u0101v starp mums un tre\u0161\u0101s puses pakalpojumu sniedz\u0113jiem. Visiem tre\u0161\u0101s puses pakalpojumu sniedz\u0113jiem k\u0101 datu apstr\u0101d\u0101t\u0101jiem j\u0101nodro\u0161ina, lai tie apstr\u0101d\u0101tu j\u016bsu Personas datus t\u0101d\u0101 pa\u0161\u0101 r\u016bp\u012bbas un atbild\u012bbas l\u012bmen\u012b, k\u0101d\u0101 to dar\u0101m m\u0113s, un b\u016btu juridiski atbild\u012bgi pret jums un mums, ja datu apstr\u0101d\u0101t\u0101ji r\u012bkotos pret\u0113ji \u0161\u012bm garantij\u0101m. Turkl\u0101t no \u0161iem tre\u0161\u0101s puses pakalpojumu sniedz\u0113jiem tiek pras\u012bts ieviest tehniskus un organizatoriskus pas\u0101kumus, lai nodro\u0161in\u0101tu t\u0101du datu aizsardz\u012bbas l\u012bmeni, k\u0101ds l\u012bdzv\u0113rt\u012bgs tam l\u012bmenim, k\u0101d\u0101 notiek m\u016bsu datu apstr\u0101des darbs.<\/p>\n<p><strong>5. J\u016bsu k\u0101 datu subjekta ties\u012bbas<\/strong><br \/>\nM\u016bsu pien\u0101kums ir nodro\u0161in\u0101t, lai uzglab\u0101tie j\u016bsu personas dati b\u016btu prec\u012bzi un aktu\u0101li. M\u0113s laipni l\u016bdzam j\u016bs mums pal\u012bdz\u0113t \u0161\u012b pien\u0101kuma izpild\u0113, noteikti inform\u0113jot m\u016bs par vis\u0101m izmai\u0146\u0101m, k\u0101das j\u0101veic jebk\u0101dos j\u016bsu Personas datos, ko apstr\u0101d\u0101jam.<br \/>\nAttiec\u012bb\u0101 uz to, k\u0101 m\u0113s apstr\u0101d\u0101jam j\u016bsu datus, j\u016bs jebkur\u0101 laik\u0101 varat \u012bstenot \u0161\u0101das savas ties\u012bbas:<br \/>\na) Piek\u013cuves ties\u012bbas: Jums ir ties\u012bbas pras\u012bt piek\u013cuvi jebk\u0101diem datiem, kurus var uzskat\u012bt par j\u016bsu Personas datiem. Tas ietver, piem., ties\u012bbas sa\u0146emt inform\u0101ciju par to, vai m\u0113s apstr\u0101d\u0101jam j\u016bsu Personas datus, k\u0101du kategoriju Personas datus m\u0113s apstr\u0101d\u0101jam un k\u0101ds ir m\u016bsu datu apstr\u0101des nol\u016bks.<br \/>\nb) Kori\u0123\u0113\u0161anas ties\u012bbas: Jums ir ties\u012bbas piepras\u012bt, lai m\u0113s kori\u0123\u0113jam jebk\u0101dus j\u016bsu Personas datus, ja uzskat\u0101t, ka tie ir neprec\u012bzi vai nepiln\u012bgi.<br \/>\nc) Iebilduma ties\u012bbas: Jums ir ties\u012bbas iebilst pret noteiktu Personas datu apstr\u0101di, tostarp, piem\u0113ram, pret j\u016bsu Personas datu apstr\u0101di m\u0101rketinga nol\u016bkos vai kad m\u0113s cit\u0101di pamatojam sevis veikto j\u016bsu datu apstr\u0101di ar likum\u012bg\u0101m interes\u0113m.<br \/>\nd) Dz\u0113\u0161anas ties\u012bbas: J\u016bs varat piepras\u012bt ar\u012b savu Personas datu dz\u0113\u0161anu, ja \u0161\u0101di Personas dati vairs nav vajadz\u012bgi nol\u016bkos, k\u0101dos tie tika v\u0101kti, vai ja uzskat\u0101t, ka apstr\u0101de notiek nelikum\u012bgi, vai ja uzskat\u0101t, ka Personas dati ir j\u0101dz\u0113\u0161, lai sniegtu mums iesp\u0113ju izpild\u012bt juridisku pras\u012bbu.<br \/>\ne) Ties\u012bbas uz datu p\u0101rvietojam\u012bbu: Ja j\u016bsu Personas dati ir\/tiek apstr\u0101d\u0101ti autom\u0101tiski ar j\u016bsu at\u013cauju vai, pamatojoties uz abpus\u0113j\u0101m l\u012bgumattiec\u012bb\u0101m, j\u016bs varat pras\u012bt, lai m\u0113s nodro\u0161in\u0101tu to, ka \u0161ie Personas dati b\u016btu struktur\u0113ti izplat\u012bti lietot\u0101 un ma\u0161\u012bnlas\u0101m\u0101 form\u0101t\u0101. Turkl\u0101t j\u016bs varat pras\u012bt ar\u012b to, lai \u0161\u0101di Personas dati tiktu p\u0101rs\u016bt\u012bti citam datu p\u0101rzinim. Paturiet pr\u0101t\u0101, ka p\u0113d\u0113jo var dar\u012bt tikai t\u0101d\u0101 gad\u012bjum\u0101, ja tas ir tehniski iesp\u0113jams.<br \/>\nf) Savas at\u013caujas atsaukuma ties\u012bbas: Gad\u012bjumos, kad apstr\u0101de tiek balst\u012bta uz j\u016bsu at\u013cauju, jums ir ties\u012bbas jebkur\u0101 laik\u0101 atsaukt savu \u0161\u0101das apstr\u0101des at\u013cauju.<br \/>\ng) Atteik\u0161an\u0101s no m\u0101rketinga: T\u0101pat m\u0113s jums sniedzam iesp\u0113ju atteikties no m\u016bsu sazi\u0146as ar jums, kad vien m\u0113s nos\u016bt\u0101m inform\u0101ciju par m\u016bsu firmu, m\u016bsu organiz\u0113tajiem pas\u0101kumiem vai k\u0101du citu inform\u0101ciju, kas, m\u016bsupr\u0101t, var\u0113tu j\u016bs interes\u0113t. Turkl\u0101t j\u016bs varat \u0161\u0101du atteik\u0161anos veikt jebkur\u0101 laik\u0101, sazinoties ar mums.<\/p>\n<p>Ja jums ir s\u016bdz\u012bbas par to, k\u0101 apstr\u0101d\u0101jam j\u016bsu Personas datus vai vienk\u0101r\u0161i v\u0113laties uzzin\u0101t vair\u0101k par m\u016bsu datu apstr\u0101des darbu, nevilcinieties ar mums sazin\u0101ties jebkur\u0101 laik\u0101, izmantojot inform\u0101ciju, kas nor\u0101d\u012bta \u0161\u012bs Politikas 8.punkt\u0101.<\/p>\n<p>Jums ir ties\u012bbas iesniegt s\u016bdz\u012bbu datu aizsardz\u012bbas iest\u0101dei (\u201eDPA\u201d), ja uzskat\u0101t, ka j\u016bsu Personas dati apstr\u0101d\u0101ti nepareizi vai esam p\u0101rk\u0101pu\u0161i j\u016bsu k\u0101 datu subjekta ties\u012bbas. J\u016bs varat iesniegt s\u016bdz\u012bbu, sazinoties ar DPA, proti, viet\u0101, kur iesp\u0113jams, noticis j\u016bsu k\u0101 datu subjekta ties\u012bbu p\u0101rk\u0101pums vai neatbilst\u012bga j\u016bsu datu apstr\u0101de, vai ar\u012b j\u016bsu dz\u012bves un darba viet\u0101.<br \/>\n\u0160eit ir DPA saraksts, kas attiecas uz \u0161\u012bs Politikas darb\u012bbas sf\u0113ru:<br \/>\n\u2022 Igaunijas Datu aizsardz\u012bbas inspekcija Igaunij\u0101: <a href=\"http:\/\/www.aki.ee\/en\">http:\/\/www.aki.ee\/en<\/a><br \/>\n\u2022 Datu valsts inspekcija Latvij\u0101: <a href=\"http:\/\/www.dvi.gov.lv\/en\/\">http:\/\/www.dvi.gov.lv\/en\/<\/a><br \/>\n\u2022 Valsts datu aizsardz\u012bbas inspekcija Lietuv\u0101: <a href=\"https:\/\/www.ada.lt\/go.php\/lit\/Eng\">https:\/\/www.ada.lt\/go.php\/lit\/Eng<\/a><\/p>\n<p><strong>6. J\u016bsu datu apstr\u0101des vieta<\/strong><br \/>\nM\u0113s uzglab\u0101jam un apstr\u0101d\u0101jam Personas datus Eiropas Savien\u012bbas ietvaros.<\/p>\n<p>Iesniedzot mums savus Personas datus vai sniedzot at\u013cauju savu Personas datu apstr\u0101dei, j\u016bs piekr\u012btat \u0161\u0101dai savu datu apstr\u0101dei, ieskaitot datu uzglab\u0101\u0161anu. M\u0113s veiksim visus pamatoti nepiecie\u0161amos piesardz\u012bbas pas\u0101kumus, lai ar j\u016bsu datiem r\u012bkotos dro\u0161i un saska\u0146\u0101 ar sp\u0113k\u0101 eso\u0161ajiem Datu aizsardz\u012bbas likumiem. M\u0113s neglab\u0101sim nek\u0101dus j\u016bsu Personas datus ilg\u0101k k\u0101 tas nepiecie\u0161ams \u0161aj\u0101 Politik\u0101 paredz\u0113to nol\u016bku izpild\u0113. Piem\u0113ram, m\u0113s varam nodot j\u016bsu Personas datus, pamatojoties uz:<br \/>\n\u2022 Eiropas Komisijas l\u0113mumu par aizsardz\u012bbas l\u012bme\u0146a pietiekam\u012bbu;<br \/>\n\u2022 Eiropas Komisijas izstr\u0101d\u0101taj\u0101m standarta datu aizsardz\u012bbas klauzul\u0101m;<br \/>\n\u2022 DPA izstr\u0101d\u0101taj\u0101m standarta datu aizsardz\u012bbas klauzul\u0101m;<br \/>\n\u2022 lietojot citus iesp\u0113jamos aizsardz\u012bbas l\u012bdzek\u013cus un iz\u0146\u0113mumus, kur to pie\u013cauj sp\u0113k\u0101 eso\u0161ie likumi.<br \/>\n|J\u016bs varat pras\u012bt, lai m\u0113s jums sniegtu papildu inform\u0101ciju par j\u016bsu Personas datu apstr\u0101di, pamatojoties uz GDPR 15. pantu. J\u016bs varat, to dar\u012bt, sazinoties ar mums; jums j\u0101izmanto kontaktinform\u0101cija, kas sniegta \u0161\u012bs Politikas beig\u0101s.<\/p>\n<p><strong>7. Kontaktinform\u0101cija<\/strong><br \/>\nNevilcinieties sazin\u0101ties ar mums, ja jums ir k\u0101di jaut\u0101jumi, vaic\u0101jumi, pras\u012bbas vai s\u016bdz\u012bbas attiec\u012bb\u0101 uz savu Personas datu apstr\u0101di, rakstot mums: <a href=\"mailto:info@projector.ee\">info@projector.ee<\/a><\/p>\n<p><strong>8. Izmai\u0146as Politik\u0101<\/strong><br \/>\nAtbilsto\u0161i situ\u0101cijai m\u0113s varam veikt jebk\u0101das izmai\u0146as \u0161aj\u0101 Politik\u0101. Ja Politika jebk\u0101d\u0101 veid\u0101 b\u016bs main\u012bta, jaun\u0101k\u0101 \u0161\u012bs Politikas redakcija tiks public\u0113ta m\u016bsu t\u012bmek\u013ca vietn\u0113. Rosin\u0101m j\u016bs laiku pa laikam p\u0101rliecin\u0101ties, vai \u0161aj\u0101 Politik\u0101 nav izdar\u012btas k\u0101das izmai\u0146as.<\/p>\n","protected":false},"excerpt":{"rendered":"<p>PRIV\u0100TUMA POLITIKA Projector O\u00dc (Projector) r\u016bp j\u016bsu priv\u0101tums un j\u016bsu personas datu aizsardz\u012bba. \u0160aj\u0101 priv\u0101tuma politik\u0101 (\u201ePolitika\u201d) ir izskaidrots, k\u0101 Projector (kontaktinform\u0101cija zem\u0101k) v\u0101c un lieto inform\u0101ciju, kad j\u016bs izmantojat k\u0101du no pakalpojumiem, kas atrodas m\u016bsu t\u012bmek\u013ca vietn\u0113 www.wrkland.com (\u201eT\u012bmek\u013ca vietne\u201d), vai ja izmantojat k\u0101dus citus pakalpojumus (\u201ePakalpojumi\u201d), ko m\u0113s jums sniedzam. Lietojot T\u012bmek\u013ca vietni [&#8230;]<\/p>\n<p><a class=\"btn btn-secondary read-more-link\" href=\"https:\/\/projector.ee\/lv\/privacy-and-cookie-policy\/\">Las\u012bt vair\u0101k \u2192<\/a><\/p>\n","protected":false},"author":3,"featured_media":0,"parent":0,"menu_order":19,"comment_status":"closed","ping_status":"closed","template":"","meta":{"_acf_changed":false,"_custom_body_class":"","_custom_post_class":"","inline_featured_image":false,"footnotes":""},"class_list":["post-5003","page","type-page","status-publish","hentry"],"acf":[],"yoast_head":"<!-- This site is optimized with the Yoast SEO plugin v27.3 - https:\/\/yoast.com\/product\/yoast-seo-wordpress\/ -->\n<title>PRIV\u0100TUMA POLITIKA - Projector<\/title>\n<meta name=\"robots\" content=\"index, follow, max-snippet:-1, max-image-preview:large, max-video-preview:-1\" \/>\n<link rel=\"canonical\" href=\"https:\/\/projector.ee\/lv\/privacy-and-cookie-policy\/\" \/>\n<meta property=\"og:locale\" content=\"lv_LV\" \/>\n<meta property=\"og:type\" content=\"article\" \/>\n<meta property=\"og:title\" content=\"PRIV\u0100TUMA POLITIKA - Projector\" \/>\n<meta property=\"og:description\" content=\"PRIV\u0100TUMA POLITIKA Projector O\u00dc (Projector) r\u016bp j\u016bsu priv\u0101tums un j\u016bsu personas datu aizsardz\u012bba. \u0160aj\u0101 priv\u0101tuma politik\u0101 (\u201ePolitika\u201d) ir izskaidrots, k\u0101 Projector (kontaktinform\u0101cija zem\u0101k) v\u0101c un lieto inform\u0101ciju, kad j\u016bs izmantojat k\u0101du no pakalpojumiem, kas atrodas m\u016bsu t\u012bmek\u013ca vietn\u0113 www.wrkland.com (\u201eT\u012bmek\u013ca vietne\u201d), vai ja izmantojat k\u0101dus citus pakalpojumus (\u201ePakalpojumi\u201d), ko m\u0113s jums sniedzam. Lietojot T\u012bmek\u013ca vietni [...]Las\u012bt vair\u0101k \u2192\" \/>\n<meta property=\"og:url\" content=\"https:\/\/projector.ee\/lv\/privacy-and-cookie-policy\/\" \/>\n<meta property=\"og:site_name\" content=\"Projector\" \/>\n<meta property=\"article:publisher\" content=\"https:\/\/www.facebook.com\/projector.bpt\/\" \/>\n<meta property=\"article:modified_time\" content=\"2018-07-11T09:07:45+00:00\" \/>\n<meta name=\"twitter:card\" content=\"summary_large_image\" \/>\n<meta name=\"twitter:label1\" content=\"Est. reading time\" \/>\n\t<meta name=\"twitter:data1\" content=\"11 min\u016b\u0161u\" \/>\n<script type=\"application\/ld+json\" class=\"yoast-schema-graph\">{\"@context\":\"https:\\\/\\\/schema.org\",\"@graph\":[{\"@type\":\"WebPage\",\"@id\":\"https:\\\/\\\/projector.ee\\\/lv\\\/privacy-and-cookie-policy\\\/\",\"url\":\"https:\\\/\\\/projector.ee\\\/lv\\\/privacy-and-cookie-policy\\\/\",\"name\":\"PRIV\u0100TUMA POLITIKA - Projector\",\"isPartOf\":{\"@id\":\"https:\\\/\\\/projector.ee\\\/#website\"},\"datePublished\":\"2018-07-04T10:04:28+00:00\",\"dateModified\":\"2018-07-11T09:07:45+00:00\",\"breadcrumb\":{\"@id\":\"https:\\\/\\\/projector.ee\\\/lv\\\/privacy-and-cookie-policy\\\/#breadcrumb\"},\"inLanguage\":\"lv-LV\",\"potentialAction\":[{\"@type\":\"ReadAction\",\"target\":[\"https:\\\/\\\/projector.ee\\\/lv\\\/privacy-and-cookie-policy\\\/\"]}]},{\"@type\":\"BreadcrumbList\",\"@id\":\"https:\\\/\\\/projector.ee\\\/lv\\\/privacy-and-cookie-policy\\\/#breadcrumb\",\"itemListElement\":[{\"@type\":\"ListItem\",\"position\":1,\"name\":\"Home\",\"item\":\"https:\\\/\\\/projector.ee\\\/lv\\\/\"},{\"@type\":\"ListItem\",\"position\":2,\"name\":\"PRIV\u0100TUMA POLITIKA\"}]},{\"@type\":\"WebSite\",\"@id\":\"https:\\\/\\\/projector.ee\\\/#website\",\"url\":\"https:\\\/\\\/projector.ee\\\/\",\"name\":\"Projector\",\"description\":\"\",\"publisher\":{\"@id\":\"https:\\\/\\\/projector.ee\\\/#organization\"},\"potentialAction\":[{\"@type\":\"SearchAction\",\"target\":{\"@type\":\"EntryPoint\",\"urlTemplate\":\"https:\\\/\\\/projector.ee\\\/?s={search_term_string}\"},\"query-input\":{\"@type\":\"PropertyValueSpecification\",\"valueRequired\":true,\"valueName\":\"search_term_string\"}}],\"inLanguage\":\"lv-LV\"},{\"@type\":\"Organization\",\"@id\":\"https:\\\/\\\/projector.ee\\\/#organization\",\"name\":\"Projector\",\"url\":\"https:\\\/\\\/projector.ee\\\/\",\"logo\":{\"@type\":\"ImageObject\",\"inLanguage\":\"lv-LV\",\"@id\":\"https:\\\/\\\/projector.ee\\\/#\\\/schema\\\/logo\\\/image\\\/\",\"url\":\"https:\\\/\\\/projector.ee\\\/wp-content\\\/uploads\\\/logo-projector.svg\",\"contentUrl\":\"https:\\\/\\\/projector.ee\\\/wp-content\\\/uploads\\\/logo-projector.svg\",\"width\":1,\"height\":1,\"caption\":\"Projector\"},\"image\":{\"@id\":\"https:\\\/\\\/projector.ee\\\/#\\\/schema\\\/logo\\\/image\\\/\"},\"sameAs\":[\"https:\\\/\\\/www.facebook.com\\\/projector.bpt\\\/\"]}]}<\/script>\n<!-- \/ Yoast SEO plugin. -->","yoast_head_json":{"title":"PRIV\u0100TUMA POLITIKA - Projector","robots":{"index":"index","follow":"follow","max-snippet":"max-snippet:-1","max-image-preview":"max-image-preview:large","max-video-preview":"max-video-preview:-1"},"canonical":"https:\/\/projector.ee\/lv\/privacy-and-cookie-policy\/","og_locale":"lv_LV","og_type":"article","og_title":"PRIV\u0100TUMA POLITIKA - Projector","og_description":"PRIV\u0100TUMA POLITIKA Projector O\u00dc (Projector) r\u016bp j\u016bsu priv\u0101tums un j\u016bsu personas datu aizsardz\u012bba. \u0160aj\u0101 priv\u0101tuma politik\u0101 (\u201ePolitika\u201d) ir izskaidrots, k\u0101 Projector (kontaktinform\u0101cija zem\u0101k) v\u0101c un lieto inform\u0101ciju, kad j\u016bs izmantojat k\u0101du no pakalpojumiem, kas atrodas m\u016bsu t\u012bmek\u013ca vietn\u0113 www.wrkland.com (\u201eT\u012bmek\u013ca vietne\u201d), vai ja izmantojat k\u0101dus citus pakalpojumus (\u201ePakalpojumi\u201d), ko m\u0113s jums sniedzam. Lietojot T\u012bmek\u013ca vietni [...]Las\u012bt vair\u0101k \u2192","og_url":"https:\/\/projector.ee\/lv\/privacy-and-cookie-policy\/","og_site_name":"Projector","article_publisher":"https:\/\/www.facebook.com\/projector.bpt\/","article_modified_time":"2018-07-11T09:07:45+00:00","twitter_card":"summary_large_image","twitter_misc":{"Est. reading time":"11 min\u016b\u0161u"},"schema":{"@context":"https:\/\/schema.org","@graph":[{"@type":"WebPage","@id":"https:\/\/projector.ee\/lv\/privacy-and-cookie-policy\/","url":"https:\/\/projector.ee\/lv\/privacy-and-cookie-policy\/","name":"PRIV\u0100TUMA POLITIKA - Projector","isPartOf":{"@id":"https:\/\/projector.ee\/#website"},"datePublished":"2018-07-04T10:04:28+00:00","dateModified":"2018-07-11T09:07:45+00:00","breadcrumb":{"@id":"https:\/\/projector.ee\/lv\/privacy-and-cookie-policy\/#breadcrumb"},"inLanguage":"lv-LV","potentialAction":[{"@type":"ReadAction","target":["https:\/\/projector.ee\/lv\/privacy-and-cookie-policy\/"]}]},{"@type":"BreadcrumbList","@id":"https:\/\/projector.ee\/lv\/privacy-and-cookie-policy\/#breadcrumb","itemListElement":[{"@type":"ListItem","position":1,"name":"Home","item":"https:\/\/projector.ee\/lv\/"},{"@type":"ListItem","position":2,"name":"PRIV\u0100TUMA POLITIKA"}]},{"@type":"WebSite","@id":"https:\/\/projector.ee\/#website","url":"https:\/\/projector.ee\/","name":"Projector","description":"","publisher":{"@id":"https:\/\/projector.ee\/#organization"},"potentialAction":[{"@type":"SearchAction","target":{"@type":"EntryPoint","urlTemplate":"https:\/\/projector.ee\/?s={search_term_string}"},"query-input":{"@type":"PropertyValueSpecification","valueRequired":true,"valueName":"search_term_string"}}],"inLanguage":"lv-LV"},{"@type":"Organization","@id":"https:\/\/projector.ee\/#organization","name":"Projector","url":"https:\/\/projector.ee\/","logo":{"@type":"ImageObject","inLanguage":"lv-LV","@id":"https:\/\/projector.ee\/#\/schema\/logo\/image\/","url":"https:\/\/projector.ee\/wp-content\/uploads\/logo-projector.svg","contentUrl":"https:\/\/projector.ee\/wp-content\/uploads\/logo-projector.svg","width":1,"height":1,"caption":"Projector"},"image":{"@id":"https:\/\/projector.ee\/#\/schema\/logo\/image\/"},"sameAs":["https:\/\/www.facebook.com\/projector.bpt\/"]}]}},"_links":{"self":[{"href":"https:\/\/projector.ee\/lv\/wp-json\/wp\/v2\/pages\/5003","targetHints":{"allow":["GET"]}}],"collection":[{"href":"https:\/\/projector.ee\/lv\/wp-json\/wp\/v2\/pages"}],"about":[{"href":"https:\/\/projector.ee\/lv\/wp-json\/wp\/v2\/types\/page"}],"author":[{"embeddable":true,"href":"https:\/\/projector.ee\/lv\/wp-json\/wp\/v2\/users\/3"}],"replies":[{"embeddable":true,"href":"https:\/\/projector.ee\/lv\/wp-json\/wp\/v2\/comments?post=5003"}],"version-history":[{"count":0,"href":"https:\/\/projector.ee\/lv\/wp-json\/wp\/v2\/pages\/5003\/revisions"}],"wp:attachment":[{"href":"https:\/\/projector.ee\/lv\/wp-json\/wp\/v2\/media?parent=5003"}],"curies":[{"name":"wp","href":"https:\/\/api.w.org\/{rel}","templated":true}]}}