{"id":3518,"date":"2013-05-04T09:25:26","date_gmt":"2013-05-04T06:25:26","guid":{"rendered":"https:\/\/projector.ee\/contact\/"},"modified":"2024-06-04T10:40:10","modified_gmt":"2024-06-04T07:40:10","slug":"kontakti","status":"publish","type":"page","link":"https:\/\/projector.ee\/lv\/kontakti\/","title":{"rendered":"Kontakti"},"content":{"rendered":"<p><section class=\"kc-elm kc-css-844983 kc_row\"><div class=\"kc-row-container  kc-container\"><div class=\"kc-wrap-columns\"><div class=\"kc-elm kc-css-917717 kc_col-sm-12 kc_column kc_col-sm-12\"><div class=\"kc-col-container\"><div class=\"kc-elm kc-css-20366 kc_text_block\"><\/p>\n<p>\n<a class=\"strong\" href=\"#est\">IGAUNIJA<\/a>\u00a0 \u00a0 \u00a0 \u00a0 \u00a0 <a class=\"strong\" href=\"#lat\">LATVIJA<\/a>\u00a0 \u00a0 \u00a0 \u00a0 \u00a0 <a class=\"strong\" href=\"#lit\">LIETUVA<\/a><\/p>\n<p>\n<\/div><div class=\"kc-elm kc-css-435833\" style=\"height: 43px; clear: both; width:100%;\"><\/div><\/div><\/div><\/div><\/div><\/section><section id=\"est\" class=\"kc-elm kc-css-163513 kc_row\"><div class=\"kc-row-container  kc-container\"><div class=\"kc-wrap-columns\"><div class=\"kc-elm kc-css-643798 kc_col-sm-3 kc_column kc_col-sm-3\"><div class=\"kc-col-container\"><div class=\"kc-elm kc-css-325820 kc-raw-code\"><a name=\"est\"><\/a><\/div>\n<div class=\"kc-elm kc-css-63058 kc-title-wrap \">\n\n\t<h2 class=\"kc_title\">Tallinn<\/h2>\n<\/div>\n<div class=\"kc-elm kc-css-388133 kc_text_block\"><\/p>\n<p>\n<strong>Projector O\u00dc<br \/><\/strong><a href=\"https:\/\/www.google.com\/maps\/place\/Viru+v%C3%A4ljak+2,+10111+Tallinn\/@59.4375289,24.7514602,17z\/data=!3m1!4b1!4m6!3m5!1s0x46929360fe8e7cf3:0x7b7960fc74b80852!8m2!3d59.4375262!4d24.7540351!16s%2Fg%2F11bw3wmzqk?entry=ttu\" target=\"_blank\" rel=\"noopener\">Viru v\u00e4ljak 2<\/a>, Tallinn, Igaunija<br \/>e-pasts: <a href=\"mailto:info@projector.ee\"><span>info@projector.ee<\/span><\/a><\/p>\n<p>\n<\/div><\/div><\/div><div class=\"kc-elm kc-css-361855 kc_col-sm-5 kc_column kc_col-sm-5\"><div class=\"kc-col-container\"><div class=\"kc-elm kc-css-799217 kc-raw-code\"><iframe src=\"https:\/\/www.google.com\/maps\/embed?pb=!1m18!1m12!1m3!1d2028.7329170418445!2d24.75146017647668!3d59.43752890235586!2m3!1f0!2f0!3f0!3m2!1i1024!2i768!4f13.1!3m3!1m2!1s0x46929360fe8e7cf3%3A0x7b7960fc74b80852!2sViru%20v%C3%A4ljak%202%2C%2010111%20Tallinn!5e0!3m2!1sen!2see!4v1714657242724!5m2!1sen!2see\" width=\"468\" height=\"312\" style=\"border:0;\" allowfullscreen=\"\" loading=\"lazy\" referrerpolicy=\"no-referrer-when-downgrade\"><\/iframe><\/div><div class=\"kc-elm kc-css-258754\" style=\"height: 59px; clear: both; width:100%;\"><\/div><\/div><\/div><div class=\"kc-elm kc-css-484259 kc_col-sm-4 kc_column kc_col-sm-4\"><div class=\"kc-col-container\"><div class=\"kc-elm kc-css-22541\" style=\"height: 59px; clear: both; width:100%;\"><\/div><\/div><\/div><\/div><\/div><\/section><section class=\"kc-elm kc-css-488718 kc_row\"><div class=\"kc-row-container  kc-container\"><div class=\"kc-wrap-columns\"><div class=\"kc-elm kc-css-184168 kc_col-sm-3 kc_column kc_col-sm-3\"><div class=\"kc-col-container\"><div class=\"kc-elm kc-css-402602 kc-raw-code\"><a name=\"lat\"><\/a><\/div>\n<div class=\"kc-elm kc-css-5732 kc-title-wrap \">\n\n\t<h2 class=\"kc_title\">R\u012bga<\/h2>\n<\/div>\n<div class=\"kc-elm kc-css-264487 kc_text_block\"><\/p>\n<p><strong>SIA Projector<br \/>\n<\/strong><a href=\"https:\/\/www.google.com\/maps\/place\/Marijas+iela+2a,+Centra+rajons,+R%C4%ABga,+LV-1050,+Latvia\/@56.9482887,24.1182782,17z\/data=!3m1!4b1!4m6!3m5!1s0x46eecfd346b7938d:0xab2eaf2b3aaf07f8!8m2!3d56.9482858!4d24.1208531!16s%2Fg%2F11gdyp7gn7?entry=ttu\" target=\"_blank\" rel=\"noopener\">Marijas 2a<\/a>, R\u012bga, Latvija<br \/>\ne-pasts: <a href=\"mailto:info@projektiinsener.lv\"><span>info@projektiinsener.lv<br \/>\n<\/span><\/a><\/p>\n<p>\n<\/div><\/div><\/div><div class=\"kc-elm kc-css-474083 kc_col-sm-5 kc_column kc_col-sm-5\"><div class=\"kc-col-container\"><div class=\"kc-elm kc-css-432028 kc-raw-code\"><iframe src=\"https:\/\/www.google.com\/maps\/embed?pb=!1m18!1m12!1m3!1d2176.0299172820182!2d24.118278176288825!3d56.94828869928431!2m3!1f0!2f0!3f0!3m2!1i1024!2i768!4f13.1!3m3!1m2!1s0x46eecfd346b7938d%3A0xab2eaf2b3aaf07f8!2sMarijas%20iela%202a%2C%20Centra%20rajons%2C%20R%C4%ABga%2C%20LV-1050%2C%20Latvia!5e0!3m2!1sen!2see!4v1717486786118!5m2!1sen!2see\" width=\"600\" height=\"450\" style=\"border:0;\" allowfullscreen=\"\" loading=\"lazy\" referrerpolicy=\"no-referrer-when-downgrade\"><\/iframe><\/div><div class=\"kc-elm kc-css-72461\" style=\"height: 59px; clear: both; width:100%;\"><\/div><\/div><\/div><div class=\"kc-elm kc-css-667651 kc_col-sm-4 kc_column kc_col-sm-4\"><div class=\"kc-col-container\"><div class=\"kc-elm kc-css-943432 kc_shortcode kc_single_image\">\n\n        <img decoding=\"async\" src=\"https:\/\/projector.ee\/wp-content\/uploads\/riia_kontor-540x360xc.jpg\" class=\"\" alt=\"\" \/>    <\/div>\n<div class=\"kc-elm kc-css-841173\" style=\"height: 59px; clear: both; width:100%;\"><\/div><\/div><\/div><\/div><\/div><\/section><section class=\"kc-elm kc-css-126180 kc_row\"><div class=\"kc-row-container  kc-container\"><div class=\"kc-wrap-columns\"><div class=\"kc-elm kc-css-932372 kc_col-sm-3 kc_column kc_col-sm-3\"><div class=\"kc-col-container\"><div class=\"kc-elm kc-css-453328 kc-raw-code\"><a name=\"lit\"><\/a><\/div>\n<div class=\"kc-elm kc-css-904592 kc-title-wrap \">\n\n\t<h2 class=\"kc_title\">Vilnius<\/h2>\n<\/div>\n<div class=\"kc-elm kc-css-679061 kc_text_block\"><\/p>\n<p><strong>UAB Projector<br \/><\/strong>Juozo Bal\u010dikonio g. 9 Vilnius, Lietuva<br \/><a href=\"https:\/\/projector.lt\" target=\"_blank\" rel=\"noopener\">https:\/\/projector.lt<\/a><br \/>e-pasts: <a href=\"mailto:info@projector.lt\"><u>info@projector.lt<\/u><\/a><\/p>\n<p>\n<\/div><\/div><\/div><div class=\"kc-elm kc-css-979617 kc_col-sm-5 kc_column kc_col-sm-5\"><div class=\"kc-col-container\"><div class=\"kc-elm kc-css-928987 kc-raw-code\"><iframe src=\"https:\/\/www.google.com\/maps\/embed?pb=!1m18!1m12!1m3!1d2304.3454392791377!2d25.2763443875911!3d54.721138400647526!2m3!1f0!2f0!3f0!3m2!1i1024!2i768!4f13.1!3m3!1m2!1s0x46dd91497f69a11d%3A0x145470d55a6f366f!2sJ.%20Bal%C4%8Dikonio%20g.%209%2C%20Vilnius%2C%2008200%20Vilniaus%20m.%20sav.%2C%20Lithuania!5e0!3m2!1sen!2see!4v1714657518052!5m2!1sen!2see\" width=\"468\" height=\"312\" style=\"border:0;\" allowfullscreen=\"\" loading=\"lazy\" referrerpolicy=\"no-referrer-when-downgrade\"><\/iframe><\/div><div class=\"kc-elm kc-css-864209\" style=\"height: 59px; clear: both; width:100%;\"><\/div><\/div><\/div><div class=\"kc-elm kc-css-579869 kc_col-sm-4 kc_column kc_col-sm-4\"><div class=\"kc-col-container\"><div class=\"kc-elm kc-css-72473 kc_shortcode kc_single_image\">\n\n        <img decoding=\"async\" src=\"https:\/\/projector.ee\/wp-content\/uploads\/office-lithuania-e1513606150441-540x360xc.jpg\" class=\"\" alt=\"\" \/>    <\/div>\n<div class=\"kc-elm kc-css-91067\" style=\"height: 59px; clear: both; width:100%;\"><\/div><\/div><\/div><\/div><\/div><\/section><\/p>\n","protected":false},"excerpt":{"rendered":"<p> [&#8230;]<\/p>\n<p><a class=\"btn btn-secondary read-more-link\" href=\"https:\/\/projector.ee\/lv\/kontakti\/\">Las\u012bt vair\u0101k \u2192<\/a><\/p>\n","protected":false},"author":3,"featured_media":0,"parent":0,"menu_order":68,"comment_status":"closed","ping_status":"closed","template":"page.php","meta":{"_acf_changed":false,"_custom_body_class":"","_custom_post_class":"","inline_featured_image":false,"footnotes":""},"class_list":["post-3518","page","type-page","status-publish","hentry"],"acf":[],"yoast_head":"<!-- This site is optimized with the Yoast SEO plugin v27.4 - https:\/\/yoast.com\/product\/yoast-seo-wordpress\/ -->\n<title>Kontakti - Projector<\/title>\n<meta name=\"robots\" content=\"index, follow, max-snippet:-1, max-image-preview:large, max-video-preview:-1\" \/>\n<link rel=\"canonical\" href=\"https:\/\/projector.ee\/lv\/kontakti\/\" \/>\n<meta property=\"og:locale\" content=\"lv_LV\" \/>\n<meta property=\"og:type\" content=\"article\" \/>\n<meta property=\"og:title\" content=\"Kontakti - Projector\" \/>\n<meta property=\"og:description\" content=\"IGAUNIJA\u00a0 \u00a0 \u00a0 \u00a0 \u00a0 LATVIJA\u00a0 \u00a0 \u00a0 \u00a0 \u00a0 LIETUVA Tallinn Projector O\u00dcViru v\u00e4ljak 2, Tallinn, Igaunijae-pasts: info@projector.ee R\u012bga SIA Projector Marijas 2a, R\u012bga, Latvija e-pasts: info@projektiinsener.lv Vilnius UAB ProjectorJuozo Bal\u010dikonio g. 9 Vilnius, Lietuvahttps:\/\/projector.lte-pasts: info@projector.lt [...]Las\u012bt vair\u0101k \u2192\" \/>\n<meta property=\"og:url\" content=\"https:\/\/projector.ee\/lv\/kontakti\/\" \/>\n<meta property=\"og:site_name\" content=\"Projector\" \/>\n<meta property=\"article:publisher\" content=\"https:\/\/www.facebook.com\/projector.bpt\/\" \/>\n<meta property=\"article:modified_time\" content=\"2024-06-04T07:40:10+00:00\" \/>\n<meta property=\"og:image\" content=\"https:\/\/projector.ee\/wp-content\/uploads\/riia_kontor-540x360xc.jpg\" \/>\n<meta name=\"twitter:card\" content=\"summary_large_image\" \/>\n<meta name=\"twitter:label1\" content=\"Est. reading time\" \/>\n\t<meta name=\"twitter:data1\" content=\"1 min\u016b\u0161u\" \/>\n<script type=\"application\/ld+json\" class=\"yoast-schema-graph\">{\"@context\":\"https:\\\/\\\/schema.org\",\"@graph\":[{\"@type\":\"WebPage\",\"@id\":\"https:\\\/\\\/projector.ee\\\/lv\\\/kontakti\\\/\",\"url\":\"https:\\\/\\\/projector.ee\\\/lv\\\/kontakti\\\/\",\"name\":\"Kontakti - Projector\",\"isPartOf\":{\"@id\":\"https:\\\/\\\/projector.ee\\\/#website\"},\"primaryImageOfPage\":{\"@id\":\"https:\\\/\\\/projector.ee\\\/lv\\\/kontakti\\\/#primaryimage\"},\"image\":{\"@id\":\"https:\\\/\\\/projector.ee\\\/lv\\\/kontakti\\\/#primaryimage\"},\"thumbnailUrl\":\"https:\\\/\\\/projector.ee\\\/wp-content\\\/uploads\\\/riia_kontor-540x360xc.jpg\",\"datePublished\":\"2013-05-04T06:25:26+00:00\",\"dateModified\":\"2024-06-04T07:40:10+00:00\",\"breadcrumb\":{\"@id\":\"https:\\\/\\\/projector.ee\\\/lv\\\/kontakti\\\/#breadcrumb\"},\"inLanguage\":\"lv-LV\",\"potentialAction\":[{\"@type\":\"ReadAction\",\"target\":[\"https:\\\/\\\/projector.ee\\\/lv\\\/kontakti\\\/\"]}]},{\"@type\":\"ImageObject\",\"inLanguage\":\"lv-LV\",\"@id\":\"https:\\\/\\\/projector.ee\\\/lv\\\/kontakti\\\/#primaryimage\",\"url\":\"https:\\\/\\\/projector.ee\\\/wp-content\\\/uploads\\\/riia_kontor-540x360xc.jpg\",\"contentUrl\":\"https:\\\/\\\/projector.ee\\\/wp-content\\\/uploads\\\/riia_kontor-540x360xc.jpg\"},{\"@type\":\"BreadcrumbList\",\"@id\":\"https:\\\/\\\/projector.ee\\\/lv\\\/kontakti\\\/#breadcrumb\",\"itemListElement\":[{\"@type\":\"ListItem\",\"position\":1,\"name\":\"Home\",\"item\":\"https:\\\/\\\/projector.ee\\\/lv\\\/\"},{\"@type\":\"ListItem\",\"position\":2,\"name\":\"Kontakti\"}]},{\"@type\":\"WebSite\",\"@id\":\"https:\\\/\\\/projector.ee\\\/#website\",\"url\":\"https:\\\/\\\/projector.ee\\\/\",\"name\":\"Projector\",\"description\":\"\",\"publisher\":{\"@id\":\"https:\\\/\\\/projector.ee\\\/#organization\"},\"potentialAction\":[{\"@type\":\"SearchAction\",\"target\":{\"@type\":\"EntryPoint\",\"urlTemplate\":\"https:\\\/\\\/projector.ee\\\/?s={search_term_string}\"},\"query-input\":{\"@type\":\"PropertyValueSpecification\",\"valueRequired\":true,\"valueName\":\"search_term_string\"}}],\"inLanguage\":\"lv-LV\"},{\"@type\":\"Organization\",\"@id\":\"https:\\\/\\\/projector.ee\\\/#organization\",\"name\":\"Projector\",\"url\":\"https:\\\/\\\/projector.ee\\\/\",\"logo\":{\"@type\":\"ImageObject\",\"inLanguage\":\"lv-LV\",\"@id\":\"https:\\\/\\\/projector.ee\\\/#\\\/schema\\\/logo\\\/image\\\/\",\"url\":\"https:\\\/\\\/projector.ee\\\/wp-content\\\/uploads\\\/logo-projector.svg\",\"contentUrl\":\"https:\\\/\\\/projector.ee\\\/wp-content\\\/uploads\\\/logo-projector.svg\",\"width\":1,\"height\":1,\"caption\":\"Projector\"},\"image\":{\"@id\":\"https:\\\/\\\/projector.ee\\\/#\\\/schema\\\/logo\\\/image\\\/\"},\"sameAs\":[\"https:\\\/\\\/www.facebook.com\\\/projector.bpt\\\/\"]}]}<\/script>\n<!-- \/ Yoast SEO plugin. -->","yoast_head_json":{"title":"Kontakti - Projector","robots":{"index":"index","follow":"follow","max-snippet":"max-snippet:-1","max-image-preview":"max-image-preview:large","max-video-preview":"max-video-preview:-1"},"canonical":"https:\/\/projector.ee\/lv\/kontakti\/","og_locale":"lv_LV","og_type":"article","og_title":"Kontakti - Projector","og_description":"IGAUNIJA\u00a0 \u00a0 \u00a0 \u00a0 \u00a0 LATVIJA\u00a0 \u00a0 \u00a0 \u00a0 \u00a0 LIETUVA Tallinn Projector O\u00dcViru v\u00e4ljak 2, Tallinn, Igaunijae-pasts: info@projector.ee R\u012bga SIA Projector Marijas 2a, R\u012bga, Latvija e-pasts: info@projektiinsener.lv Vilnius UAB ProjectorJuozo Bal\u010dikonio g. 9 Vilnius, Lietuvahttps:\/\/projector.lte-pasts: info@projector.lt [...]Las\u012bt vair\u0101k \u2192","og_url":"https:\/\/projector.ee\/lv\/kontakti\/","og_site_name":"Projector","article_publisher":"https:\/\/www.facebook.com\/projector.bpt\/","article_modified_time":"2024-06-04T07:40:10+00:00","og_image":[{"url":"https:\/\/projector.ee\/wp-content\/uploads\/riia_kontor-540x360xc.jpg","type":"","width":"","height":""}],"twitter_card":"summary_large_image","twitter_misc":{"Est. reading time":"1 min\u016b\u0161u"},"schema":{"@context":"https:\/\/schema.org","@graph":[{"@type":"WebPage","@id":"https:\/\/projector.ee\/lv\/kontakti\/","url":"https:\/\/projector.ee\/lv\/kontakti\/","name":"Kontakti - Projector","isPartOf":{"@id":"https:\/\/projector.ee\/#website"},"primaryImageOfPage":{"@id":"https:\/\/projector.ee\/lv\/kontakti\/#primaryimage"},"image":{"@id":"https:\/\/projector.ee\/lv\/kontakti\/#primaryimage"},"thumbnailUrl":"https:\/\/projector.ee\/wp-content\/uploads\/riia_kontor-540x360xc.jpg","datePublished":"2013-05-04T06:25:26+00:00","dateModified":"2024-06-04T07:40:10+00:00","breadcrumb":{"@id":"https:\/\/projector.ee\/lv\/kontakti\/#breadcrumb"},"inLanguage":"lv-LV","potentialAction":[{"@type":"ReadAction","target":["https:\/\/projector.ee\/lv\/kontakti\/"]}]},{"@type":"ImageObject","inLanguage":"lv-LV","@id":"https:\/\/projector.ee\/lv\/kontakti\/#primaryimage","url":"https:\/\/projector.ee\/wp-content\/uploads\/riia_kontor-540x360xc.jpg","contentUrl":"https:\/\/projector.ee\/wp-content\/uploads\/riia_kontor-540x360xc.jpg"},{"@type":"BreadcrumbList","@id":"https:\/\/projector.ee\/lv\/kontakti\/#breadcrumb","itemListElement":[{"@type":"ListItem","position":1,"name":"Home","item":"https:\/\/projector.ee\/lv\/"},{"@type":"ListItem","position":2,"name":"Kontakti"}]},{"@type":"WebSite","@id":"https:\/\/projector.ee\/#website","url":"https:\/\/projector.ee\/","name":"Projector","description":"","publisher":{"@id":"https:\/\/projector.ee\/#organization"},"potentialAction":[{"@type":"SearchAction","target":{"@type":"EntryPoint","urlTemplate":"https:\/\/projector.ee\/?s={search_term_string}"},"query-input":{"@type":"PropertyValueSpecification","valueRequired":true,"valueName":"search_term_string"}}],"inLanguage":"lv-LV"},{"@type":"Organization","@id":"https:\/\/projector.ee\/#organization","name":"Projector","url":"https:\/\/projector.ee\/","logo":{"@type":"ImageObject","inLanguage":"lv-LV","@id":"https:\/\/projector.ee\/#\/schema\/logo\/image\/","url":"https:\/\/projector.ee\/wp-content\/uploads\/logo-projector.svg","contentUrl":"https:\/\/projector.ee\/wp-content\/uploads\/logo-projector.svg","width":1,"height":1,"caption":"Projector"},"image":{"@id":"https:\/\/projector.ee\/#\/schema\/logo\/image\/"},"sameAs":["https:\/\/www.facebook.com\/projector.bpt\/"]}]}},"_links":{"self":[{"href":"https:\/\/projector.ee\/lv\/wp-json\/wp\/v2\/pages\/3518","targetHints":{"allow":["GET"]}}],"collection":[{"href":"https:\/\/projector.ee\/lv\/wp-json\/wp\/v2\/pages"}],"about":[{"href":"https:\/\/projector.ee\/lv\/wp-json\/wp\/v2\/types\/page"}],"author":[{"embeddable":true,"href":"https:\/\/projector.ee\/lv\/wp-json\/wp\/v2\/users\/3"}],"replies":[{"embeddable":true,"href":"https:\/\/projector.ee\/lv\/wp-json\/wp\/v2\/comments?post=3518"}],"version-history":[{"count":5,"href":"https:\/\/projector.ee\/lv\/wp-json\/wp\/v2\/pages\/3518\/revisions"}],"predecessor-version":[{"id":8009,"href":"https:\/\/projector.ee\/lv\/wp-json\/wp\/v2\/pages\/3518\/revisions\/8009"}],"wp:attachment":[{"href":"https:\/\/projector.ee\/lv\/wp-json\/wp\/v2\/media?parent=3518"}],"curies":[{"name":"wp","href":"https:\/\/api.w.org\/{rel}","templated":true}]}}