{"id":3333,"date":"2017-12-01T21:59:18","date_gmt":"2017-12-01T19:59:18","guid":{"rendered":"https:\/\/projector.ee\/avaleht-1\/"},"modified":"2023-12-05T12:49:24","modified_gmt":"2023-12-05T10:49:24","slug":"avaleht-1","status":"publish","type":"page","link":"https:\/\/projector.ee\/lv\/sakumlapa-avaleht-lv\/avaleht-1\/","title":{"rendered":"Avaleht 1 LV"},"content":{"rendered":"<p><section class=\"kc-elm kc-css-194636 kc_row\"><div class=\"kc-row-container  kc-container\"><div class=\"kc-wrap-columns\"><div class=\"kc-elm kc-css-350758 kc_col-sm-8 kc_column kc_col-sm-8\"><div class=\"kc-col-container\">\n<div class=\"kc-elm kc-css-346600 kc-title-wrap \">\n\n\t<h1 class=\"kc_title marginbottom-lg\">M\u0113s konsult\u0113jam kvalit\u0101tes, projekt\u0113\u0161anas un \u0113ku apsaimnieko\u0161anas jaut\u0101jumos<\/h1>\n<\/div>\n\n<div class=\"kc-elm kc-css-92455 kc-title-wrap \">\n\n\t<h4 class=\"kc_title marginbottom-lg\">Sapr\u0101t\u012bgi v\u0113rt\u012bbu rado\u0161i risin\u0101jumi<\/h4>\n<\/div>\n\n<div class=\"kc-elm kc-css-895614 kc-title-wrap \">\n\n\t<h4 class=\"kc_title marginbottom-lg\">15 eksperti, 3 valstis, 15 gadu pieredze<\/h4>\n<\/div>\n\n<div class=\"kc-elm kc-css-686935 marginbottom-lg\">\n\t<a class=\"kc_button\" href=\"https:\/\/projector.ee\/lv\/kontakti\/\" target=\"_self\" title=\"\" onclick=\"ga(\u2018send\u2019,\u2019event\u2019,\u2019ContactUs-FP\u2019,\u2019Click\u2019,\u2019LV:apos:, 0)\">\n\t\t SAZINIETIES AR MUMS\t<\/a>\n<\/div>\n<\/div><\/div><div class=\"kc-elm kc-css-988432 kc_col-sm-4 kc_column kc_col-sm-4\"><div class=\"kc-col-container\"><div class=\"kc-elm kc-css-36861 kc_shortcode kc_single_image\">\n\n        <img decoding=\"async\" src=\"https:\/\/projector.ee\/wp-content\/uploads\/sign2023.svg\" class=\"img-token-since2000\" alt=\"\" \/>    <\/div>\n<\/div><\/div><\/div><\/div><\/section><section id=\"icons-services\" data-kc-fullwidth=\"row\" class=\"kc-elm kc-css-855629 kc_row\"><div class=\"kc-row-container  kc-container\"><div class=\"kc-wrap-columns\"><div class=\"kc-elm kc-css-837501 kc_col-of-5 kc_column kc_col-of-5\"><div class=\"kc-col-container\"><div class=\"kc-elm kc-css-443938 kc_text_block\"><\/p>\n<p>\n<a href=\"https:\/\/projector.ee\/lv\/pakalpojumi\/#noustamine\"><span class=\"fa fa-comment-o\"><\/span><\/a><\/p>\n<h5><a href=\"https:\/\/projector.ee\/lv\/pakalpojumi\/#noustamine\">Klientu konsult\u0113\u0161ana<\/a><\/h5>\n<p>\n<\/div><\/div><\/div><div class=\"kc-elm kc-css-532535 kc_col-sm-5 kc_column kc_col-sm-5\"><div class=\"kc-col-container\"><div class=\"kc-elm kc-css-469302 kc_text_block\"><\/p>\n<p>\n<a href=\"https:\/\/projector.ee\/lv\/pakalpojumi\/#esindamine\"><span class=\"fa fa-building-o\"><\/span><\/a><\/p>\n<h5><a href=\"https:\/\/projector.ee\/lv\/pakalpojumi\/#esindamine\">Pas\u016bt\u012bt\u0101ja p\u0101rst\u0101v\u0113\u0161ana un projektu uzraudz\u012bba<\/a><\/h5>\n<p>\n<\/div><div class=\"kc-elm kc-css-274551 kc_text_block scroll-down d-none d-sm-block\"><\/p>\n<p>\n<a href=\"#section2\"><span class=\"fa fa-chevron-down bounce\"><\/span><\/a><\/p>\n<p>\n<\/div><\/div><\/div><div class=\"kc-elm kc-css-217329 kc_col-sm-5 kc_column kc_col-sm-5\"><div class=\"kc-col-container\"><div class=\"kc-elm kc-css-652996 kc_text_block\"><\/p>\n<p>\n<a href=\"https:\/\/projector.ee\/lv\/pakalpojumi\/#audit\"><span class=\"fa fa-file-text-o\"><\/span><\/a><\/p>\n<h5><a href=\"https:\/\/projector.ee\/lv\/pakalpojumi\/#audit\">Tehnisk\u0101s uzticam\u012bbas p\u0101rbau\u017eu pakalpojumi<\/a><\/h5>\n<p>\n<\/div><\/div><\/div><\/div><\/div><\/section><\/p>\n","protected":false},"excerpt":{"rendered":"<p> [&#8230;]<\/p>\n<p><a class=\"btn btn-secondary read-more-link\" href=\"https:\/\/projector.ee\/lv\/sakumlapa-avaleht-lv\/avaleht-1\/\">Las\u012bt vair\u0101k \u2192<\/a><\/p>\n","protected":false},"author":3,"featured_media":0,"parent":3339,"menu_order":30,"comment_status":"closed","ping_status":"closed","template":"page-home.php","meta":{"_acf_changed":false,"_custom_body_class":"","_custom_post_class":"","inline_featured_image":false,"footnotes":""},"class_list":["post-3333","page","type-page","status-publish","hentry"],"acf":[],"yoast_head":"<!-- This site is optimized with the Yoast SEO plugin v27.3 - https:\/\/yoast.com\/product\/yoast-seo-wordpress\/ -->\n<title>Avaleht 1 LV - Projector<\/title>\n<meta name=\"robots\" content=\"index, nofollow, max-snippet:-1, max-image-preview:large, max-video-preview:-1\" \/>\n<link rel=\"canonical\" href=\"https:\/\/projector.ee\/lv\/sakumlapa-avaleht-lv\/avaleht-1\/\" \/>\n<meta property=\"og:locale\" content=\"lv_LV\" \/>\n<meta property=\"og:type\" content=\"article\" \/>\n<meta property=\"og:title\" content=\"Avaleht 1 LV - Projector\" \/>\n<meta property=\"og:description\" content=\"M\u0113s konsult\u0113jam kvalit\u0101tes, projekt\u0113\u0161anas un \u0113ku apsaimnieko\u0161anas jaut\u0101jumos Sapr\u0101t\u012bgi v\u0113rt\u012bbu rado\u0161i risin\u0101jumi 15 eksperti, 3 valstis, 15 gadu pieredze SAZINIETIES AR MUMS Klientu konsult\u0113\u0161ana Pas\u016bt\u012bt\u0101ja p\u0101rst\u0101v\u0113\u0161ana un projektu uzraudz\u012bba Tehnisk\u0101s uzticam\u012bbas p\u0101rbau\u017eu pakalpojumi [...]Las\u012bt vair\u0101k \u2192\" \/>\n<meta property=\"og:url\" content=\"https:\/\/projector.ee\/lv\/sakumlapa-avaleht-lv\/avaleht-1\/\" \/>\n<meta property=\"og:site_name\" content=\"Projector\" \/>\n<meta property=\"article:publisher\" content=\"https:\/\/www.facebook.com\/projector.bpt\/\" \/>\n<meta property=\"article:modified_time\" content=\"2023-12-05T10:49:24+00:00\" \/>\n<meta property=\"og:image\" content=\"https:\/\/projector.ee\/wp-content\/uploads\/sign2023.svg\" \/>\n<meta name=\"twitter:card\" content=\"summary_large_image\" \/>\n<meta name=\"twitter:label1\" content=\"Est. reading time\" \/>\n\t<meta name=\"twitter:data1\" content=\"1 min\u016b\u0161u\" \/>\n<script type=\"application\/ld+json\" class=\"yoast-schema-graph\">{\"@context\":\"https:\\\/\\\/schema.org\",\"@graph\":[{\"@type\":\"WebPage\",\"@id\":\"https:\\\/\\\/projector.ee\\\/lv\\\/sakumlapa-avaleht-lv\\\/avaleht-1\\\/\",\"url\":\"https:\\\/\\\/projector.ee\\\/lv\\\/sakumlapa-avaleht-lv\\\/avaleht-1\\\/\",\"name\":\"Avaleht 1 LV - Projector\",\"isPartOf\":{\"@id\":\"https:\\\/\\\/projector.ee\\\/#website\"},\"primaryImageOfPage\":{\"@id\":\"https:\\\/\\\/projector.ee\\\/lv\\\/sakumlapa-avaleht-lv\\\/avaleht-1\\\/#primaryimage\"},\"image\":{\"@id\":\"https:\\\/\\\/projector.ee\\\/lv\\\/sakumlapa-avaleht-lv\\\/avaleht-1\\\/#primaryimage\"},\"thumbnailUrl\":\"https:\\\/\\\/projector.ee\\\/wp-content\\\/uploads\\\/sign2023.svg\",\"datePublished\":\"2017-12-01T19:59:18+00:00\",\"dateModified\":\"2023-12-05T10:49:24+00:00\",\"breadcrumb\":{\"@id\":\"https:\\\/\\\/projector.ee\\\/lv\\\/sakumlapa-avaleht-lv\\\/avaleht-1\\\/#breadcrumb\"},\"inLanguage\":\"lv-LV\",\"potentialAction\":[{\"@type\":\"ReadAction\",\"target\":[\"https:\\\/\\\/projector.ee\\\/lv\\\/sakumlapa-avaleht-lv\\\/avaleht-1\\\/\"]}]},{\"@type\":\"ImageObject\",\"inLanguage\":\"lv-LV\",\"@id\":\"https:\\\/\\\/projector.ee\\\/lv\\\/sakumlapa-avaleht-lv\\\/avaleht-1\\\/#primaryimage\",\"url\":\"https:\\\/\\\/projector.ee\\\/wp-content\\\/uploads\\\/sign2023.svg\",\"contentUrl\":\"https:\\\/\\\/projector.ee\\\/wp-content\\\/uploads\\\/sign2023.svg\"},{\"@type\":\"BreadcrumbList\",\"@id\":\"https:\\\/\\\/projector.ee\\\/lv\\\/sakumlapa-avaleht-lv\\\/avaleht-1\\\/#breadcrumb\",\"itemListElement\":[{\"@type\":\"ListItem\",\"position\":1,\"name\":\"Home\",\"item\":\"https:\\\/\\\/projector.ee\\\/lv\\\/\"},{\"@type\":\"ListItem\",\"position\":2,\"name\":\"S\u0101kumlapa \\\/Avaleht LV\",\"item\":\"https:\\\/\\\/projector.ee\\\/lv\\\/\"},{\"@type\":\"ListItem\",\"position\":3,\"name\":\"Avaleht 1 LV\"}]},{\"@type\":\"WebSite\",\"@id\":\"https:\\\/\\\/projector.ee\\\/#website\",\"url\":\"https:\\\/\\\/projector.ee\\\/\",\"name\":\"Projector\",\"description\":\"\",\"publisher\":{\"@id\":\"https:\\\/\\\/projector.ee\\\/#organization\"},\"potentialAction\":[{\"@type\":\"SearchAction\",\"target\":{\"@type\":\"EntryPoint\",\"urlTemplate\":\"https:\\\/\\\/projector.ee\\\/?s={search_term_string}\"},\"query-input\":{\"@type\":\"PropertyValueSpecification\",\"valueRequired\":true,\"valueName\":\"search_term_string\"}}],\"inLanguage\":\"lv-LV\"},{\"@type\":\"Organization\",\"@id\":\"https:\\\/\\\/projector.ee\\\/#organization\",\"name\":\"Projector\",\"url\":\"https:\\\/\\\/projector.ee\\\/\",\"logo\":{\"@type\":\"ImageObject\",\"inLanguage\":\"lv-LV\",\"@id\":\"https:\\\/\\\/projector.ee\\\/#\\\/schema\\\/logo\\\/image\\\/\",\"url\":\"https:\\\/\\\/projector.ee\\\/wp-content\\\/uploads\\\/logo-projector.svg\",\"contentUrl\":\"https:\\\/\\\/projector.ee\\\/wp-content\\\/uploads\\\/logo-projector.svg\",\"width\":1,\"height\":1,\"caption\":\"Projector\"},\"image\":{\"@id\":\"https:\\\/\\\/projector.ee\\\/#\\\/schema\\\/logo\\\/image\\\/\"},\"sameAs\":[\"https:\\\/\\\/www.facebook.com\\\/projector.bpt\\\/\"]}]}<\/script>\n<!-- \/ Yoast SEO plugin. -->","yoast_head_json":{"title":"Avaleht 1 LV - Projector","robots":{"index":"index","follow":"nofollow","max-snippet":"max-snippet:-1","max-image-preview":"max-image-preview:large","max-video-preview":"max-video-preview:-1"},"canonical":"https:\/\/projector.ee\/lv\/sakumlapa-avaleht-lv\/avaleht-1\/","og_locale":"lv_LV","og_type":"article","og_title":"Avaleht 1 LV - Projector","og_description":"M\u0113s konsult\u0113jam kvalit\u0101tes, projekt\u0113\u0161anas un \u0113ku apsaimnieko\u0161anas jaut\u0101jumos Sapr\u0101t\u012bgi v\u0113rt\u012bbu rado\u0161i risin\u0101jumi 15 eksperti, 3 valstis, 15 gadu pieredze SAZINIETIES AR MUMS Klientu konsult\u0113\u0161ana Pas\u016bt\u012bt\u0101ja p\u0101rst\u0101v\u0113\u0161ana un projektu uzraudz\u012bba Tehnisk\u0101s uzticam\u012bbas p\u0101rbau\u017eu pakalpojumi [...]Las\u012bt vair\u0101k \u2192","og_url":"https:\/\/projector.ee\/lv\/sakumlapa-avaleht-lv\/avaleht-1\/","og_site_name":"Projector","article_publisher":"https:\/\/www.facebook.com\/projector.bpt\/","article_modified_time":"2023-12-05T10:49:24+00:00","og_image":[{"url":"https:\/\/projector.ee\/wp-content\/uploads\/sign2023.svg","type":"","width":"","height":""}],"twitter_card":"summary_large_image","twitter_misc":{"Est. reading time":"1 min\u016b\u0161u"},"schema":{"@context":"https:\/\/schema.org","@graph":[{"@type":"WebPage","@id":"https:\/\/projector.ee\/lv\/sakumlapa-avaleht-lv\/avaleht-1\/","url":"https:\/\/projector.ee\/lv\/sakumlapa-avaleht-lv\/avaleht-1\/","name":"Avaleht 1 LV - Projector","isPartOf":{"@id":"https:\/\/projector.ee\/#website"},"primaryImageOfPage":{"@id":"https:\/\/projector.ee\/lv\/sakumlapa-avaleht-lv\/avaleht-1\/#primaryimage"},"image":{"@id":"https:\/\/projector.ee\/lv\/sakumlapa-avaleht-lv\/avaleht-1\/#primaryimage"},"thumbnailUrl":"https:\/\/projector.ee\/wp-content\/uploads\/sign2023.svg","datePublished":"2017-12-01T19:59:18+00:00","dateModified":"2023-12-05T10:49:24+00:00","breadcrumb":{"@id":"https:\/\/projector.ee\/lv\/sakumlapa-avaleht-lv\/avaleht-1\/#breadcrumb"},"inLanguage":"lv-LV","potentialAction":[{"@type":"ReadAction","target":["https:\/\/projector.ee\/lv\/sakumlapa-avaleht-lv\/avaleht-1\/"]}]},{"@type":"ImageObject","inLanguage":"lv-LV","@id":"https:\/\/projector.ee\/lv\/sakumlapa-avaleht-lv\/avaleht-1\/#primaryimage","url":"https:\/\/projector.ee\/wp-content\/uploads\/sign2023.svg","contentUrl":"https:\/\/projector.ee\/wp-content\/uploads\/sign2023.svg"},{"@type":"BreadcrumbList","@id":"https:\/\/projector.ee\/lv\/sakumlapa-avaleht-lv\/avaleht-1\/#breadcrumb","itemListElement":[{"@type":"ListItem","position":1,"name":"Home","item":"https:\/\/projector.ee\/lv\/"},{"@type":"ListItem","position":2,"name":"S\u0101kumlapa \/Avaleht LV","item":"https:\/\/projector.ee\/lv\/"},{"@type":"ListItem","position":3,"name":"Avaleht 1 LV"}]},{"@type":"WebSite","@id":"https:\/\/projector.ee\/#website","url":"https:\/\/projector.ee\/","name":"Projector","description":"","publisher":{"@id":"https:\/\/projector.ee\/#organization"},"potentialAction":[{"@type":"SearchAction","target":{"@type":"EntryPoint","urlTemplate":"https:\/\/projector.ee\/?s={search_term_string}"},"query-input":{"@type":"PropertyValueSpecification","valueRequired":true,"valueName":"search_term_string"}}],"inLanguage":"lv-LV"},{"@type":"Organization","@id":"https:\/\/projector.ee\/#organization","name":"Projector","url":"https:\/\/projector.ee\/","logo":{"@type":"ImageObject","inLanguage":"lv-LV","@id":"https:\/\/projector.ee\/#\/schema\/logo\/image\/","url":"https:\/\/projector.ee\/wp-content\/uploads\/logo-projector.svg","contentUrl":"https:\/\/projector.ee\/wp-content\/uploads\/logo-projector.svg","width":1,"height":1,"caption":"Projector"},"image":{"@id":"https:\/\/projector.ee\/#\/schema\/logo\/image\/"},"sameAs":["https:\/\/www.facebook.com\/projector.bpt\/"]}]}},"_links":{"self":[{"href":"https:\/\/projector.ee\/lv\/wp-json\/wp\/v2\/pages\/3333","targetHints":{"allow":["GET"]}}],"collection":[{"href":"https:\/\/projector.ee\/lv\/wp-json\/wp\/v2\/pages"}],"about":[{"href":"https:\/\/projector.ee\/lv\/wp-json\/wp\/v2\/types\/page"}],"author":[{"embeddable":true,"href":"https:\/\/projector.ee\/lv\/wp-json\/wp\/v2\/users\/3"}],"replies":[{"embeddable":true,"href":"https:\/\/projector.ee\/lv\/wp-json\/wp\/v2\/comments?post=3333"}],"version-history":[{"count":0,"href":"https:\/\/projector.ee\/lv\/wp-json\/wp\/v2\/pages\/3333\/revisions"}],"up":[{"embeddable":true,"href":"https:\/\/projector.ee\/lv\/wp-json\/wp\/v2\/pages\/3339"}],"wp:attachment":[{"href":"https:\/\/projector.ee\/lv\/wp-json\/wp\/v2\/media?parent=3333"}],"curies":[{"name":"wp","href":"https:\/\/api.w.org\/{rel}","templated":true}]}}